{"id":36806,"date":"2018-03-12T12:45:49","date_gmt":"2018-03-12T11:45:49","guid":{"rendered":"https:\/\/hermanossarmiento.com\/?page_id=36806"},"modified":"2019-10-18T14:32:05","modified_gmt":"2019-10-18T13:32:05","slug":"nosotros","status":"publish","type":"page","link":"https:\/\/hermanossarmiento.com\/en\/nosotros\/","title":{"rendered":"We"},"content":{"rendered":"<div class=\"wpb-content-wrapper\"><div class=\"vc_row wpb_row vc_row-fluid dt-default\" style=\"margin-top: 0px;margin-bottom: 0px\"><div class=\"wpb_column vc_column_container vc_col-sm-6\"><div class=\"vc_column-inner\"><div class=\"wpb_wrapper\">\n\t<div class=\"wpb_text_column wpb_content_element\" >\n\t\t<div class=\"wpb_wrapper\">\n\t\t\t<p class=\"fuente4\">Talleres Hnos. Sarmiento nace en 1994 como tal, aunque ya exist\u00eda como \u201cTalleres Jose Luis Sarmiento Puertas\u201d hacia ya m\u00e1s de 10 a\u00f1os y desde entonces hasta hoy se define como una empresa abierta a todo tipo de avances tecnol\u00f3gicos en cuanto a reparaci\u00f3n de veh\u00edculos se refiere.<\/p>\n\n\t\t<\/div>\n\t<\/div>\n<div class=\"vc_empty_space\"   style=\"height: 15px\"><span class=\"vc_empty_space_inner\"><\/span><\/div><div id=\"ult-carousel-310070087969f4bf371fa88\" class=\"ult-carousel-wrapper   ult_horizontal\" data-gutter=\"0\" data-rtl=\"false\" ><div class=\"ult-carousel-381826916769f4bf371f963\" ><div class=\"ult-item-wrap\" data-animation=\"animated no-animation\">\n\t<div  class=\"wpb_single_image wpb_content_element vc_align_left\">\n\t\t\n\t\t<figure class=\"wpb_wrapper vc_figure\">\n\t\t\t<div class=\"vc_single_image-wrapper   vc_box_border_grey\"><img decoding=\"async\" width=\"960\" height=\"540\" src=\"https:\/\/hermanossarmiento.com\/wp-content\/uploads\/2018\/03\/taller-4.jpg\" class=\"vc_single_image-img attachment-large\" alt=\"taller de chapa y pintura M\u00e1laga\" title=\"taller-4\" srcset=\"https:\/\/hermanossarmiento.com\/wp-content\/uploads\/2018\/03\/taller-4.jpg 960w, https:\/\/hermanossarmiento.com\/wp-content\/uploads\/2018\/03\/taller-4-300x169.jpg 300w, https:\/\/hermanossarmiento.com\/wp-content\/uploads\/2018\/03\/taller-4-768x432.jpg 768w\" sizes=\"(max-width: 960px) 100vw, 960px\"  data-dt-location=\"https:\/\/hermanossarmiento.com\/en\/contacto\/taller-4\/\" \/><\/div>\n\t\t<\/figure>\n\t<\/div>\n<\/div><div class=\"ult-item-wrap\" data-animation=\"animated no-animation\">\n\t<div  class=\"wpb_single_image wpb_content_element vc_align_left\">\n\t\t\n\t\t<figure class=\"wpb_wrapper vc_figure\">\n\t\t\t<div class=\"vc_single_image-wrapper   vc_box_border_grey\"><img decoding=\"async\" width=\"960\" height=\"540\" src=\"https:\/\/hermanossarmiento.com\/wp-content\/uploads\/2018\/03\/taller-3.jpg\" class=\"vc_single_image-img attachment-large\" alt=\"taller de chapa y pintura M\u00e1laga\" title=\"taller-3\" srcset=\"https:\/\/hermanossarmiento.com\/wp-content\/uploads\/2018\/03\/taller-3.jpg 960w, https:\/\/hermanossarmiento.com\/wp-content\/uploads\/2018\/03\/taller-3-300x169.jpg 300w, https:\/\/hermanossarmiento.com\/wp-content\/uploads\/2018\/03\/taller-3-768x432.jpg 768w\" sizes=\"(max-width: 960px) 100vw, 960px\"  data-dt-location=\"https:\/\/hermanossarmiento.com\/en\/contacto\/taller-3\/\" \/><\/div>\n\t\t<\/figure>\n\t<\/div>\n<\/div><div class=\"ult-item-wrap\" data-animation=\"animated no-animation\">\n\t<div  class=\"wpb_single_image wpb_content_element vc_align_left\">\n\t\t\n\t\t<figure class=\"wpb_wrapper vc_figure\">\n\t\t\t<div class=\"vc_single_image-wrapper   vc_box_border_grey\"><img decoding=\"async\" width=\"960\" height=\"540\" src=\"https:\/\/hermanossarmiento.com\/wp-content\/uploads\/2018\/03\/taller-2.jpg\" class=\"vc_single_image-img attachment-large\" alt=\"taller de chapa y pintura M\u00e1laga\" title=\"taller-2\" srcset=\"https:\/\/hermanossarmiento.com\/wp-content\/uploads\/2018\/03\/taller-2.jpg 960w, https:\/\/hermanossarmiento.com\/wp-content\/uploads\/2018\/03\/taller-2-300x169.jpg 300w, https:\/\/hermanossarmiento.com\/wp-content\/uploads\/2018\/03\/taller-2-768x432.jpg 768w\" sizes=\"(max-width: 960px) 100vw, 960px\"  data-dt-location=\"https:\/\/hermanossarmiento.com\/en\/contacto\/taller-2\/\" \/><\/div>\n\t\t<\/figure>\n\t<\/div>\n<\/div><div class=\"ult-item-wrap\" data-animation=\"animated no-animation\">\n\t<div  class=\"wpb_single_image wpb_content_element vc_align_left\">\n\t\t\n\t\t<figure class=\"wpb_wrapper vc_figure\">\n\t\t\t<div class=\"vc_single_image-wrapper   vc_box_border_grey\"><img decoding=\"async\" width=\"960\" height=\"540\" src=\"https:\/\/hermanossarmiento.com\/wp-content\/uploads\/2018\/03\/taller-1.jpg\" class=\"vc_single_image-img attachment-large\" alt=\"taller de chapa y pintura M\u00e1laga\" title=\"taller-1\" srcset=\"https:\/\/hermanossarmiento.com\/wp-content\/uploads\/2018\/03\/taller-1.jpg 960w, https:\/\/hermanossarmiento.com\/wp-content\/uploads\/2018\/03\/taller-1-300x169.jpg 300w, https:\/\/hermanossarmiento.com\/wp-content\/uploads\/2018\/03\/taller-1-768x432.jpg 768w\" sizes=\"(max-width: 960px) 100vw, 960px\"  data-dt-location=\"https:\/\/hermanossarmiento.com\/en\/contacto\/taller-1\/\" \/><\/div>\n\t\t<\/figure>\n\t<\/div>\n<\/div><\/div><\/div>\t\t\t<script type=\"text\/javascript\">\n\t\t\t\tjQuery(document).ready(function ($) {\n\t\t\t\t\tif( typeof jQuery('.ult-carousel-381826916769f4bf371f963').slick == \"function\"){\n\t\t\t\t\t\t$('.ult-carousel-381826916769f4bf371f963').slick({dots: true,autoplay: true,autoplaySpeed: \"5000\",speed: \"300\",infinite: true,arrows: false,slidesToScroll:1,slidesToShow:1,swipe: true,draggable: true,touchMove: true,pauseOnHover: true,pauseOnFocus: false,responsive: [\n\t\t\t\t\t\t\t{\n\t\t\t\t\t\t\t  breakpoint: 1026,\n\t\t\t\t\t\t\t  settings: {\n\t\t\t\t\t\t\t\tslidesToShow: 1,\n\t\t\t\t\t\t\t\tslidesToScroll: 1,  \n\t\t\t\t\t\t\t  }\n\t\t\t\t\t\t\t},\n\t\t\t\t\t\t\t{\n\t\t\t\t\t\t\t  breakpoint: 1025,\n\t\t\t\t\t\t\t  settings: {\n\t\t\t\t\t\t\t\tslidesToShow: 1,\n\t\t\t\t\t\t\t\tslidesToScroll: 1\n\t\t\t\t\t\t\t  }\n\t\t\t\t\t\t\t},\n\t\t\t\t\t\t\t{\n\t\t\t\t\t\t\t  breakpoint: 760,\n\t\t\t\t\t\t\t  settings: {\n\t\t\t\t\t\t\t\tslidesToShow: 1,\n\t\t\t\t\t\t\t\tslidesToScroll: 1\n\t\t\t\t\t\t\t  }\n\t\t\t\t\t\t\t}\n\t\t\t\t\t\t],pauseOnDotsHover: true,customPaging: function(slider, i) {\n                   return '<i type=\"button\" style= \"color:#333333;\" class=\"ultsl-record\" data-role=\"none\"><\/i>';\n                },});\n\t\t\t\t\t}\n\t\t\t\t});\n\t\t\t<\/script>\n\t\t\t\n\t<div class=\"wpb_text_column wpb_content_element\" >\n\t\t<div class=\"wpb_wrapper\">\n\t\t\t<p class=\"fuente4\">Nuestro personal ha sido formado a trav\u00e9s de cursillos impartidos por CESVIMAP (centro de experimentaci\u00f3n y seguridad vial de Mapfre en \u00c1vila), as\u00ed el acabado de nuestras reparaciones son pr\u00e1cticamente terminaciones originales.<\/p>\n\n\t\t<\/div>\n\t<\/div>\n<\/div><\/div><\/div><div class=\"wpb_column vc_column_container vc_col-sm-6\"><div class=\"vc_column-inner\"><div class=\"wpb_wrapper\">\n\t<div class=\"wpb_text_column wpb_content_element\" >\n\t\t<div class=\"wpb_wrapper\">\n\t\t\t<p class=\"fuente4\">Actualmente Talleres Hnos. Sarmiento cuenta con talleres de chapa, pintura y mec\u00e1nica del autom\u00f3vil bajo la denominaci\u00f3n de Talleres Hnos. Sarmiento, servicio de gr\u00faas 24 horas con 2 carpas para almac\u00e9n de veh\u00edculos (una en M\u00e1laga y otra en Marbella junto a la autov\u00eda A-7) bajo la denominaci\u00f3n comercial de Gr\u00faas Villarosa.<\/p>\n<p class=\"fuente4\">Asimismo, le ofrecemos nuestra flota de veh\u00edculos de renting para aquellos casos en el que el cliente necesite continuar su viaje mientras se repara su veh\u00edculo, nuestro rent a car funciona bajo la denominaci\u00f3n comercial de Marbella rent a car con disponibilidades tanto en M\u00e1laga como en Marbella.<\/p>\n<p class=\"fuente4\">Ponemos a su disposici\u00f3n nuestras instalaciones en M\u00e1laga y Marbella, Junto con nuestro nuevo departamento comercial, nos gustar\u00eda llegar a ser su taller de confianza para la provincia de M\u00e1laga.<\/p>\n\n\t\t<\/div>\n\t<\/div>\n\n\t<div  class=\"wpb_single_image wpb_content_element vc_align_left  wpb_animate_when_almost_visible wpb_fadeInRight fadeInRight vc_custom_1521201836545\">\n\t\t\n\t\t<figure class=\"wpb_wrapper vc_figure\">\n\t\t\t<div class=\"vc_single_image-wrapper   vc_box_border_grey\"><img decoding=\"async\" width=\"605\" height=\"154\" src=\"https:\/\/hermanossarmiento.com\/wp-content\/uploads\/2018\/03\/servicios.png\" class=\"vc_single_image-img attachment-full\" alt=\"taller de chapa y pintura M\u00e1laga\" title=\"servicios\" srcset=\"https:\/\/hermanossarmiento.com\/wp-content\/uploads\/2018\/03\/servicios.png 605w, https:\/\/hermanossarmiento.com\/wp-content\/uploads\/2018\/03\/servicios-300x76.png 300w\" sizes=\"(max-width: 605px) 100vw, 605px\"  data-dt-location=\"https:\/\/hermanossarmiento.com\/en\/nosotros\/servicios-2\/\" \/><\/div>\n\t\t<\/figure>\n\t<\/div>\n<\/div><\/div><\/div><\/div><div class=\"vc_row wpb_row vc_row-fluid dt-default\" style=\"margin-top: 0px;margin-bottom: 0px\"><div class=\"wpb_column vc_column_container vc_col-sm-12\"><div class=\"vc_column-inner\"><div class=\"wpb_wrapper\"><div class=\"vc_empty_space\"   style=\"height: 55px\"><span class=\"vc_empty_space_inner\"><\/span><\/div>\n\t<div class=\"wpb_video_widget wpb_content_element vc_clearfix   vc_video-aspect-ratio-169 vc_video-el-width-100 vc_video-align-left\" >\n\t\t<div class=\"wpb_wrapper\">\n\t\t\t\n\t\t\t<div class=\"wpb_video_wrapper\"><iframe title=\"???? Taller de Chapa y Pintura Hermanos Sarmiento\" width=\"500\" height=\"281\" src=\"https:\/\/www.youtube.com\/embed\/0FSJ1FptgJQ?feature=oembed\" frameborder=\"0\" allow=\"accelerometer; autoplay; clipboard-write; encrypted-media; gyroscope; picture-in-picture; web-share\" referrerpolicy=\"strict-origin-when-cross-origin\" allowfullscreen><\/iframe><\/div>\n\t\t<\/div>\n\t<\/div>\n<\/div><\/div><\/div><\/div>\n<\/div>","protected":false},"excerpt":{"rendered":"<p>Talleres Hnos. Sarmiento nace en 1994 como tal, aunque ya exist\u00eda como \u201cTalleres Jose Luis Sarmiento Puertas\u201d hacia ya m\u00e1s de 10 a\u00f1os y desde entonces hasta hoy se define como una empresa abierta a todo tipo de avances tecnol\u00f3gicos en cuanto a reparaci\u00f3n de veh\u00edculos se refiere. Nuestro personal ha sido formado a trav\u00e9s&hellip;<\/p>","protected":false},"author":1,"featured_media":0,"parent":0,"menu_order":0,"comment_status":"closed","ping_status":"closed","template":"","meta":{"_acf_changed":false,"inline_featured_image":false,"_joinchat":[],"footnotes":""},"class_list":["post-36806","page","type-page","status-publish","hentry","description-off"],"acf":[],"_links":{"self":[{"href":"https:\/\/hermanossarmiento.com\/en\/wp-json\/wp\/v2\/pages\/36806","targetHints":{"allow":["GET"]}}],"collection":[{"href":"https:\/\/hermanossarmiento.com\/en\/wp-json\/wp\/v2\/pages"}],"about":[{"href":"https:\/\/hermanossarmiento.com\/en\/wp-json\/wp\/v2\/types\/page"}],"author":[{"embeddable":true,"href":"https:\/\/hermanossarmiento.com\/en\/wp-json\/wp\/v2\/users\/1"}],"replies":[{"embeddable":true,"href":"https:\/\/hermanossarmiento.com\/en\/wp-json\/wp\/v2\/comments?post=36806"}],"version-history":[{"count":0,"href":"https:\/\/hermanossarmiento.com\/en\/wp-json\/wp\/v2\/pages\/36806\/revisions"}],"wp:attachment":[{"href":"https:\/\/hermanossarmiento.com\/en\/wp-json\/wp\/v2\/media?parent=36806"}],"curies":[{"name":"wp","href":"https:\/\/api.w.org\/{rel}","templated":true}]}}