{"id":36811,"date":"2018-03-12T13:02:42","date_gmt":"2018-03-12T12:02:42","guid":{"rendered":"https:\/\/hermanossarmiento.com\/?page_id=36811"},"modified":"2019-10-18T14:34:34","modified_gmt":"2019-10-18T13:34:34","slug":"servicios","status":"publish","type":"page","link":"https:\/\/hermanossarmiento.com\/en\/servicios\/","title":{"rendered":"Services"},"content":{"rendered":"<div class=\"wpb-content-wrapper\"><div class=\"vc_row wpb_row vc_row-fluid dt-default\" style=\"margin-top: 0px;margin-bottom: 40px\"><div class=\"wpb_column vc_column_container vc_col-sm-3\"><div class=\"vc_column-inner\"><div class=\"wpb_wrapper\"><div class=\"vc_icon_element vc_icon_element-outer vc_do_icon vc_icon_element-align-center\"><div class=\"vc_icon_element-inner vc_icon_element-color-green vc_icon_element-size-xl vc_icon_element-style- vc_icon_element-background-color-grey\" ><span class=\"vc_icon_element-icon fa fa-laptop\" ><\/span><\/div><\/div><div class=\"vc_empty_space\"   style=\"height: 20px\"><span class=\"vc_empty_space_inner\"><\/span><\/div>\n\t<div class=\"wpb_text_column wpb_content_element\" >\n\t\t<div class=\"wpb_wrapper\">\n\t\t\t<p style=\"text-align: center;\">Disponibilidad de material especifico para la valoraci\u00f3n de da\u00f1os a trav\u00e9s del programa GTEstimate.<\/p>\n\n\t\t<\/div>\n\t<\/div>\n<\/div><\/div><\/div><div class=\"wpb_column vc_column_container vc_col-sm-3\"><div class=\"vc_column-inner\"><div class=\"wpb_wrapper\"><div class=\"vc_icon_element vc_icon_element-outer vc_do_icon vc_icon_element-align-center\"><div class=\"vc_icon_element-inner vc_icon_element-color-green vc_icon_element-size-xl vc_icon_element-style- vc_icon_element-background-color-grey\" ><span class=\"vc_icon_element-icon fa fa-clock-o\" ><\/span><\/div><\/div><div class=\"vc_empty_space\"   style=\"height: 20px\"><span class=\"vc_empty_space_inner\"><\/span><\/div>\n\t<div class=\"wpb_text_column wpb_content_element\" >\n\t\t<div class=\"wpb_wrapper\">\n\t\t\t<p style=\"text-align: center;\">Amplio horario comercial desde las 7:00 hasta las 23:00.<\/p>\n\n\t\t<\/div>\n\t<\/div>\n<\/div><\/div><\/div><div class=\"wpb_column vc_column_container vc_col-sm-3\"><div class=\"vc_column-inner\"><div class=\"wpb_wrapper\"><div class=\"vc_icon_element vc_icon_element-outer vc_do_icon vc_icon_element-align-center\"><div class=\"vc_icon_element-inner vc_icon_element-color-green vc_icon_element-size-xl vc_icon_element-style- vc_icon_element-background-color-grey\" ><span class=\"vc_icon_element-icon fa fa-camera\" ><\/span><\/div><\/div><div class=\"vc_empty_space\"   style=\"height: 20px\"><span class=\"vc_empty_space_inner\"><\/span><\/div>\n\t<div class=\"wpb_text_column wpb_content_element\" >\n\t\t<div class=\"wpb_wrapper\">\n\t\t\t<p style=\"text-align: center;\">C\u00e1mara digital para realizar foto peritaciones.<\/p>\n\n\t\t<\/div>\n\t<\/div>\n<\/div><\/div><\/div><div class=\"wpb_column vc_column_container vc_col-sm-3\"><div class=\"vc_column-inner\"><div class=\"wpb_wrapper\"><div class=\"vc_icon_element vc_icon_element-outer vc_do_icon vc_icon_element-align-center\"><div class=\"vc_icon_element-inner vc_icon_element-color-green vc_icon_element-size-xl vc_icon_element-style- vc_icon_element-background-color-grey\" ><span class=\"vc_icon_element-icon fa fa-tint\" ><\/span><\/div><\/div><div class=\"vc_empty_space\"   style=\"height: 20px\"><span class=\"vc_empty_space_inner\"><\/span><\/div>\n\t<div class=\"wpb_text_column wpb_content_element\" >\n\t\t<div class=\"wpb_wrapper\">\n\t\t\t<p style=\"text-align: center;\">Garant\u00eda de por vida en pintura Dupont 5 estrellas.<\/p>\n\n\t\t<\/div>\n\t<\/div>\n<\/div><\/div><\/div><\/div><div class=\"vc_row wpb_row vc_row-fluid dt-default\" style=\"margin-top: 40px;margin-bottom: 0px\"><div class=\"wpb_column vc_column_container vc_col-sm-3\"><div class=\"vc_column-inner\"><div class=\"wpb_wrapper\"><div class=\"vc_icon_element vc_icon_element-outer vc_do_icon vc_icon_element-align-center\"><div class=\"vc_icon_element-inner vc_icon_element-color-green vc_icon_element-size-xl vc_icon_element-style- vc_icon_element-background-color-grey\" ><span class=\"vc_icon_element-icon fa fa-car\" ><\/span><\/div><\/div><div class=\"vc_empty_space\"   style=\"height: 20px\"><span class=\"vc_empty_space_inner\"><\/span><\/div>\n\t<div class=\"wpb_text_column wpb_content_element\" >\n\t\t<div class=\"wpb_wrapper\">\n\t\t\t<p style=\"text-align: center;\">Estancia y veh\u00edculo de sustituci\u00f3n.<\/p>\n\n\t\t<\/div>\n\t<\/div>\n<\/div><\/div><\/div><div class=\"wpb_column vc_column_container vc_col-sm-3\"><div class=\"vc_column-inner\"><div class=\"wpb_wrapper\"><div class=\"vc_icon_element vc_icon_element-outer vc_do_icon vc_icon_element-align-center\"><div class=\"vc_icon_element-inner vc_icon_element-color-green vc_icon_element-size-xl vc_icon_element-style- vc_icon_element-background-color-grey\" ><span class=\"vc_icon_element-icon fa fa-download\" ><\/span><\/div><\/div><div class=\"vc_empty_space\"   style=\"height: 20px\"><span class=\"vc_empty_space_inner\"><\/span><\/div>\n\t<div class=\"wpb_text_column wpb_content_element\" >\n\t\t<div class=\"wpb_wrapper\">\n\t\t\t<p style=\"text-align: center;\">Gr\u00faas con capacidad de carga de hasta 12 mts.<\/p>\n\n\t\t<\/div>\n\t<\/div>\n<\/div><\/div><\/div><div class=\"wpb_column vc_column_container vc_col-sm-3\"><div class=\"vc_column-inner\"><div class=\"wpb_wrapper\"><div class=\"vc_icon_element vc_icon_element-outer vc_do_icon vc_icon_element-align-center\"><div class=\"vc_icon_element-inner vc_icon_element-color-green vc_icon_element-size-xl vc_icon_element-style- vc_icon_element-background-color-grey\" ><span class=\"vc_icon_element-icon fa fa-sign-language\" ><\/span><\/div><\/div><div class=\"vc_empty_space\"   style=\"height: 20px\"><span class=\"vc_empty_space_inner\"><\/span><\/div>\n\t<div class=\"wpb_text_column wpb_content_element\" >\n\t\t<div class=\"wpb_wrapper\">\n\t\t\t<p style=\"text-align: center;\">Entrega del veh\u00edculo lavado exteriormente.<\/p>\n\n\t\t<\/div>\n\t<\/div>\n<\/div><\/div><\/div><div class=\"wpb_column vc_column_container vc_col-sm-3\"><div class=\"vc_column-inner\"><div class=\"wpb_wrapper\"><div class=\"vc_icon_element vc_icon_element-outer vc_do_icon vc_icon_element-align-center\"><div class=\"vc_icon_element-inner vc_icon_element-color-green vc_icon_element-size-xl vc_icon_element-style- vc_icon_element-background-color-grey\" ><span class=\"vc_icon_element-icon fa fa-thumbs-up\" ><\/span><\/div><\/div><div class=\"vc_empty_space\"   style=\"height: 20px\"><span class=\"vc_empty_space_inner\"><\/span><\/div>\n\t<div class=\"wpb_text_column wpb_content_element\" >\n\t\t<div class=\"wpb_wrapper\">\n\t\t\t<p style=\"text-align: center;\">Elevadores mas cabina de pintura y bancada entro otras instalaciones.<\/p>\n\n\t\t<\/div>\n\t<\/div>\n<\/div><\/div><\/div><\/div><div class=\"vc_row wpb_row vc_row-fluid dt-default\" style=\"margin-top: 0px;margin-bottom: 0px\"><div class=\"wpb_column vc_column_container vc_col-sm-12\"><div class=\"vc_column-inner\"><div class=\"wpb_wrapper\"><div class=\"vc_empty_space\"   style=\"height: 32px\"><span class=\"vc_empty_space_inner\"><\/span><\/div><\/div><\/div><\/div><\/div><div class=\"vc_row wpb_row vc_row-fluid dt-default\" style=\"margin-top: 0px;margin-bottom: 0px\"><div class=\"wpb_column vc_column_container vc_col-sm-12\"><div class=\"vc_column-inner\"><div class=\"wpb_wrapper\"><div class=\"vc_empty_space\"   style=\"height: 32px\"><span class=\"vc_empty_space_inner\"><\/span><\/div>\n\t<div class=\"wpb_text_column wpb_content_element\" >\n\t\t<div class=\"wpb_wrapper\">\n\t\t\t<p style=\"text-align: center;\">700 metros cuadrados de instalaciones a su servicio.<br \/>\nRescate de veh\u00edculos articulados, mercanc\u00edas y cabezas tractoras.<\/p>\n\n\t\t<\/div>\n\t<\/div>\n<div class=\"vc_empty_space\"   style=\"height: 32px\"><span class=\"vc_empty_space_inner\"><\/span><\/div><div id=\"ult-carousel-229490740269e16557b6fc5\" class=\"ult-carousel-wrapper   ult_horizontal\" data-gutter=\"0\" data-rtl=\"false\" ><div class=\"ult-carousel-356577886969e16557b6f88\" ><div class=\"ult-item-wrap\" data-animation=\"animated no-animation\">\n\t<div  class=\"wpb_single_image wpb_content_element vc_align_left  vc_custom_1521292243343\">\n\t\t\n\t\t<figure class=\"wpb_wrapper vc_figure\">\n\t\t\t<div class=\"vc_single_image-wrapper   vc_box_border_grey\"><img decoding=\"async\" width=\"300\" height=\"169\" src=\"https:\/\/hermanossarmiento.com\/wp-content\/uploads\/2018\/03\/taller-4-300x169.jpg\" class=\"vc_single_image-img attachment-medium\" alt=\"taller de chapa y pintura M\u00e1laga\" title=\"taller-4\" srcset=\"https:\/\/hermanossarmiento.com\/wp-content\/uploads\/2018\/03\/taller-4-300x169.jpg 300w, https:\/\/hermanossarmiento.com\/wp-content\/uploads\/2018\/03\/taller-4-768x432.jpg 768w, https:\/\/hermanossarmiento.com\/wp-content\/uploads\/2018\/03\/taller-4.jpg 960w\" sizes=\"(max-width: 300px) 100vw, 300px\"  data-dt-location=\"https:\/\/hermanossarmiento.com\/en\/contacto\/taller-4\/\" \/><\/div>\n\t\t<\/figure>\n\t<\/div>\n<\/div><div class=\"ult-item-wrap\" data-animation=\"animated no-animation\">\n\t<div  class=\"wpb_single_image wpb_content_element vc_align_left  vc_custom_1521292252325\">\n\t\t\n\t\t<figure class=\"wpb_wrapper vc_figure\">\n\t\t\t<div class=\"vc_single_image-wrapper   vc_box_border_grey\"><img decoding=\"async\" width=\"300\" height=\"169\" src=\"https:\/\/hermanossarmiento.com\/wp-content\/uploads\/2018\/03\/taller-3-300x169.jpg\" class=\"vc_single_image-img attachment-medium\" alt=\"taller de chapa y pintura M\u00e1laga\" title=\"taller-3\" srcset=\"https:\/\/hermanossarmiento.com\/wp-content\/uploads\/2018\/03\/taller-3-300x169.jpg 300w, https:\/\/hermanossarmiento.com\/wp-content\/uploads\/2018\/03\/taller-3-768x432.jpg 768w, https:\/\/hermanossarmiento.com\/wp-content\/uploads\/2018\/03\/taller-3.jpg 960w\" sizes=\"(max-width: 300px) 100vw, 300px\"  data-dt-location=\"https:\/\/hermanossarmiento.com\/en\/contacto\/taller-3\/\" \/><\/div>\n\t\t<\/figure>\n\t<\/div>\n<\/div><div class=\"ult-item-wrap\" data-animation=\"animated no-animation\">\n\t<div  class=\"wpb_single_image wpb_content_element vc_align_left  vc_custom_1521292260730\">\n\t\t\n\t\t<figure class=\"wpb_wrapper vc_figure\">\n\t\t\t<div class=\"vc_single_image-wrapper   vc_box_border_grey\"><img decoding=\"async\" width=\"300\" height=\"169\" src=\"https:\/\/hermanossarmiento.com\/wp-content\/uploads\/2018\/03\/taller-2-300x169.jpg\" class=\"vc_single_image-img attachment-medium\" alt=\"taller de chapa y pintura M\u00e1laga\" title=\"taller-2\" srcset=\"https:\/\/hermanossarmiento.com\/wp-content\/uploads\/2018\/03\/taller-2-300x169.jpg 300w, https:\/\/hermanossarmiento.com\/wp-content\/uploads\/2018\/03\/taller-2-768x432.jpg 768w, https:\/\/hermanossarmiento.com\/wp-content\/uploads\/2018\/03\/taller-2.jpg 960w\" sizes=\"(max-width: 300px) 100vw, 300px\"  data-dt-location=\"https:\/\/hermanossarmiento.com\/en\/contacto\/taller-2\/\" \/><\/div>\n\t\t<\/figure>\n\t<\/div>\n<\/div><div class=\"ult-item-wrap\" data-animation=\"animated no-animation\">\n\t<div  class=\"wpb_single_image wpb_content_element vc_align_left  vc_custom_1521292269465\">\n\t\t\n\t\t<figure class=\"wpb_wrapper vc_figure\">\n\t\t\t<div class=\"vc_single_image-wrapper   vc_box_border_grey\"><img decoding=\"async\" width=\"300\" height=\"169\" src=\"https:\/\/hermanossarmiento.com\/wp-content\/uploads\/2018\/03\/taller-1-300x169.jpg\" class=\"vc_single_image-img attachment-medium\" alt=\"taller de chapa y pintura M\u00e1laga\" title=\"taller-1\" srcset=\"https:\/\/hermanossarmiento.com\/wp-content\/uploads\/2018\/03\/taller-1-300x169.jpg 300w, https:\/\/hermanossarmiento.com\/wp-content\/uploads\/2018\/03\/taller-1-768x432.jpg 768w, https:\/\/hermanossarmiento.com\/wp-content\/uploads\/2018\/03\/taller-1.jpg 960w\" sizes=\"(max-width: 300px) 100vw, 300px\"  data-dt-location=\"https:\/\/hermanossarmiento.com\/en\/contacto\/taller-1\/\" \/><\/div>\n\t\t<\/figure>\n\t<\/div>\n<\/div><\/div><\/div>\t\t\t<script type=\"text\/javascript\">\n\t\t\t\tjQuery(document).ready(function ($) {\n\t\t\t\t\tif( typeof jQuery('.ult-carousel-356577886969e16557b6f88').slick == \"function\"){\n\t\t\t\t\t\t$('.ult-carousel-356577886969e16557b6f88').slick({dots: true,autoplay: true,autoplaySpeed: \"5000\",speed: \"300\",infinite: true,arrows: false,slidesToScroll:4,slidesToShow:4,swipe: true,draggable: true,touchMove: true,pauseOnHover: true,pauseOnFocus: false,responsive: [\n\t\t\t\t\t\t\t{\n\t\t\t\t\t\t\t  breakpoint: 1026,\n\t\t\t\t\t\t\t  settings: {\n\t\t\t\t\t\t\t\tslidesToShow: 4,\n\t\t\t\t\t\t\t\tslidesToScroll: 4,  \n\t\t\t\t\t\t\t  }\n\t\t\t\t\t\t\t},\n\t\t\t\t\t\t\t{\n\t\t\t\t\t\t\t  breakpoint: 1025,\n\t\t\t\t\t\t\t  settings: {\n\t\t\t\t\t\t\t\tslidesToShow: 3,\n\t\t\t\t\t\t\t\tslidesToScroll: 3\n\t\t\t\t\t\t\t  }\n\t\t\t\t\t\t\t},\n\t\t\t\t\t\t\t{\n\t\t\t\t\t\t\t  breakpoint: 760,\n\t\t\t\t\t\t\t  settings: {\n\t\t\t\t\t\t\t\tslidesToShow: 2,\n\t\t\t\t\t\t\t\tslidesToScroll: 2\n\t\t\t\t\t\t\t  }\n\t\t\t\t\t\t\t}\n\t\t\t\t\t\t],pauseOnDotsHover: true,customPaging: function(slider, i) {\n                   return '<i type=\"button\" style= \"color:#333333;\" class=\"ultsl-record\" data-role=\"none\"><\/i>';\n                },});\n\t\t\t\t\t}\n\t\t\t\t});\n\t\t\t<\/script>\n\t\t\t<\/div><\/div><\/div><\/div><div class=\"vc_row wpb_row vc_row-fluid dt-default\" style=\"margin-top: 0px;margin-bottom: 0px\"><div class=\"wpb_column vc_column_container vc_col-sm-4\"><div class=\"vc_column-inner\"><div class=\"wpb_wrapper\"><\/div><\/div><\/div><div class=\"wpb_column vc_column_container vc_col-sm-4\"><div class=\"vc_column-inner\"><div class=\"wpb_wrapper\"><div class=\"vc_empty_space\"   style=\"height: 32px\"><span class=\"vc_empty_space_inner\"><\/span><\/div>\n\t<div  class=\"wpb_single_image wpb_content_element vc_align_center  wpb_animate_when_almost_visible wpb_fadeInDown fadeInDown\">\n\t\t\n\t\t<figure class=\"wpb_wrapper vc_figure\">\n\t\t\t<div class=\"vc_single_image-wrapper   vc_box_border_grey\"><img decoding=\"async\" width=\"300\" height=\"117\" src=\"https:\/\/hermanossarmiento.com\/wp-content\/uploads\/2018\/03\/DuPont.svg-300x117.png\" class=\"vc_single_image-img attachment-medium\" alt=\"Painting Workshop in Malaga\" title=\"Painting Workshop in Malaga\" srcset=\"https:\/\/hermanossarmiento.com\/wp-content\/uploads\/2018\/03\/DuPont.svg-300x117.png 300w, https:\/\/hermanossarmiento.com\/wp-content\/uploads\/2018\/03\/DuPont.svg-768x300.png 768w, https:\/\/hermanossarmiento.com\/wp-content\/uploads\/2018\/03\/DuPont.svg-1024x399.png 1024w, https:\/\/hermanossarmiento.com\/wp-content\/uploads\/2018\/03\/DuPont.svg.png 1200w\" sizes=\"(max-width: 300px) 100vw, 300px\"  data-dt-location=\"https:\/\/hermanossarmiento.com\/en\/inicio\/dupont-svg\/\" \/><\/div>\n\t\t<\/figure>\n\t<\/div>\n<div class=\"vc_empty_space\"   style=\"height: 10px\"><span class=\"vc_empty_space_inner\"><\/span><\/div>\n\t<div  class=\"wpb_single_image wpb_content_element vc_align_center  wpb_animate_when_almost_visible wpb_fadeInUp fadeInUp\">\n\t\t\n\t\t<figure class=\"wpb_wrapper vc_figure\">\n\t\t\t<div class=\"vc_single_image-wrapper   vc_box_border_grey\"><img decoding=\"async\" width=\"202\" height=\"40\" src=\"https:\/\/hermanossarmiento.com\/wp-content\/uploads\/2018\/03\/5star.png\" class=\"vc_single_image-img attachment-medium\" alt=\"Bodywork and Painting Workshop\" title=\"Bodywork and Painting Workshop\"  data-dt-location=\"https:\/\/hermanossarmiento.com\/en\/inicio\/5star\/\" \/><\/div>\n\t\t<\/figure>\n\t<\/div>\n<div class=\"vc_empty_space\"   style=\"height: 32px\"><span class=\"vc_empty_space_inner\"><\/span><\/div><\/div><\/div><\/div><div class=\"wpb_column vc_column_container vc_col-sm-4\"><div class=\"vc_column-inner\"><div class=\"wpb_wrapper\"><\/div><\/div><\/div><\/div><div class=\"vc_row wpb_row vc_row-fluid dt-default\" style=\"margin-top: 0px;margin-bottom: 0px\"><div class=\"wpb_column vc_column_container vc_col-sm-12\"><div class=\"vc_column-inner\"><div class=\"wpb_wrapper\">\n\t<div class=\"wpb_text_column wpb_content_element\" >\n\t\t<div class=\"wpb_wrapper\">\n\t\t\t<p style=\"text-align: center;\">Tenemos por parte de la asociaci\u00f3n Five Star la categor\u00eda de DUPONT 5 ESTRELLAS,<br \/>\ncon las consecuencias en cuanto a calidad y servicio al cliente que ello conlleva.<\/p>\n\n\t\t<\/div>\n\t<\/div>\n<\/div><\/div><\/div><\/div><div class=\"vc_row wpb_row vc_row-fluid dt-default\" style=\"margin-top: 25px;margin-bottom: 0px\"><div class=\"wpb_column vc_column_container vc_col-sm-12\"><div class=\"vc_column-inner\"><div class=\"wpb_wrapper\"><div class=\"vc_separator wpb_content_element vc_separator_align_center vc_sep_width_100 vc_sep_border_width_3 vc_sep_pos_align_center vc_separator_no_text wpb_content_element  wpb_content_element\" ><span class=\"vc_sep_holder vc_sep_holder_l\"><span style=\"border-color:#019945;\" class=\"vc_sep_line\"><\/span><\/span><span class=\"vc_sep_holder vc_sep_holder_r\"><span style=\"border-color:#019945;\" class=\"vc_sep_line\"><\/span><\/span>\n<\/div><\/div><\/div><\/div><\/div><div class=\"vc_row wpb_row vc_row-fluid dt-default\" style=\"margin-top: 35px;margin-bottom: 0px\"><div class=\"wpb_column vc_column_container vc_col-sm-4\"><div class=\"vc_column-inner\"><div class=\"wpb_wrapper\"><\/div><\/div><\/div><div class=\"wpb_column vc_column_container vc_col-sm-4\"><div class=\"vc_column-inner\"><div class=\"wpb_wrapper\"><div class=\"vc_empty_space\"   style=\"height: 32px\"><span class=\"vc_empty_space_inner\"><\/span><\/div>\n\t<div  class=\"wpb_single_image wpb_content_element vc_align_center  wpb_animate_when_almost_visible wpb_fadeInDown fadeInDown\">\n\t\t\n\t\t<figure class=\"wpb_wrapper vc_figure\">\n\t\t\t<div class=\"vc_single_image-wrapper   vc_box_border_grey\"><img decoding=\"async\" width=\"300\" height=\"79\" src=\"https:\/\/hermanossarmiento.com\/wp-content\/uploads\/2018\/03\/LOGO01a-300x79.png\" class=\"vc_single_image-img attachment-medium\" alt=\"Car hire in Malaga\" title=\"Car hire in Malaga\" srcset=\"https:\/\/hermanossarmiento.com\/wp-content\/uploads\/2018\/03\/LOGO01a-300x79.png 300w, https:\/\/hermanossarmiento.com\/wp-content\/uploads\/2018\/03\/LOGO01a.png 340w\" sizes=\"(max-width: 300px) 100vw, 300px\"  data-dt-location=\"https:\/\/hermanossarmiento.com\/en\/inicio\/logo01a\/\" \/><\/div>\n\t\t<\/figure>\n\t<\/div>\n<div class=\"vc_empty_space\"   style=\"height: 32px\"><span class=\"vc_empty_space_inner\"><\/span><\/div><div class=\"vc_btn3-container  wpb_animate_when_almost_visible wpb_fadeInUp fadeInUp vc_btn3-center\" ><a class=\"vc_general vc_btn3 vc_btn3-size-md vc_btn3-shape-rounded vc_btn3-style-3d vc_btn3-block vc_btn3-icon-left vc_btn3-color-primary\" href=\"https:\/\/hermanossarmiento.com\/en\/alquiler-de-vehiculos-en-malaga\/\" title=\"\"><i class=\"vc_btn3-icon fa fa-car\"><\/i> Car hire Malaga<\/a><\/div><div class=\"vc_empty_space\"   style=\"height: 32px\"><span class=\"vc_empty_space_inner\"><\/span><\/div><\/div><\/div><\/div><div class=\"wpb_column vc_column_container vc_col-sm-4\"><div class=\"vc_column-inner\"><div class=\"wpb_wrapper\"><\/div><\/div><\/div><\/div><div class=\"vc_row wpb_row vc_row-fluid dt-default\" style=\"margin-top: 0px;margin-bottom: 0px\"><div class=\"wpb_column vc_column_container vc_col-sm-12\"><div class=\"vc_column-inner\"><div class=\"wpb_wrapper\">\n\t<div class=\"wpb_text_column wpb_content_element\" >\n\t\t<div class=\"wpb_wrapper\">\n\t\t\t<p style=\"text-align: center;\">Alquiler de coches sin intermediarios, confiar en nosotros alquila en M\u00e1laga, Marbella y La Linea<\/p>\n\n\t\t<\/div>\n\t<\/div>\n<\/div><\/div><\/div><\/div>\n<\/div>","protected":false},"excerpt":{"rendered":"<p>Disponibilidad de material especifico para la valoraci\u00f3n de da\u00f1os a trav\u00e9s del programa GTEstimate. Amplio horario comercial desde las 7:00 hasta las 23:00. C\u00e1mara digital para realizar foto peritaciones. Garant\u00eda de por vida en pintura Dupont 5 estrellas. Estancia y veh\u00edculo de sustituci\u00f3n. Gr\u00faas con capacidad de carga de hasta 12 mts. Entrega del veh\u00edculo&hellip;<\/p>","protected":false},"author":1,"featured_media":0,"parent":0,"menu_order":0,"comment_status":"closed","ping_status":"closed","template":"","meta":{"_acf_changed":false,"inline_featured_image":false,"_joinchat":[],"footnotes":""},"class_list":["post-36811","page","type-page","status-publish","hentry","description-off"],"acf":[],"_links":{"self":[{"href":"https:\/\/hermanossarmiento.com\/en\/wp-json\/wp\/v2\/pages\/36811","targetHints":{"allow":["GET"]}}],"collection":[{"href":"https:\/\/hermanossarmiento.com\/en\/wp-json\/wp\/v2\/pages"}],"about":[{"href":"https:\/\/hermanossarmiento.com\/en\/wp-json\/wp\/v2\/types\/page"}],"author":[{"embeddable":true,"href":"https:\/\/hermanossarmiento.com\/en\/wp-json\/wp\/v2\/users\/1"}],"replies":[{"embeddable":true,"href":"https:\/\/hermanossarmiento.com\/en\/wp-json\/wp\/v2\/comments?post=36811"}],"version-history":[{"count":0,"href":"https:\/\/hermanossarmiento.com\/en\/wp-json\/wp\/v2\/pages\/36811\/revisions"}],"wp:attachment":[{"href":"https:\/\/hermanossarmiento.com\/en\/wp-json\/wp\/v2\/media?parent=36811"}],"curies":[{"name":"wp","href":"https:\/\/api.w.org\/{rel}","templated":true}]}}