{"id":36813,"date":"2018-03-12T13:03:24","date_gmt":"2018-03-12T12:03:24","guid":{"rendered":"https:\/\/hermanossarmiento.com\/?page_id=36813"},"modified":"2019-10-18T14:32:59","modified_gmt":"2019-10-18T13:32:59","slug":"dupont","status":"publish","type":"page","link":"https:\/\/hermanossarmiento.com\/en\/dupont\/","title":{"rendered":"Pintura Dupont"},"content":{"rendered":"<div class=\"wpb-content-wrapper\"><div class=\"vc_row wpb_row vc_row-fluid dt-default\" style=\"margin-top: 0px;margin-bottom: 0px\"><div class=\"wpb_column vc_column_container vc_col-sm-12\"><div class=\"vc_column-inner\"><div class=\"wpb_wrapper\"><div id=\"ultimate-heading-685069feb9f681b92\" class=\"uvc-heading ult-adjust-bottom-margin ultimate-heading-685069feb9f681b92 uvc-1036\" data-hspacer=\"no_spacer\"  data-halign=\"left\" style=\"text-align:left\"><div class=\"uvc-heading-spacer no_spacer\" style=\"top\"><\/div><div class=\"uvc-main-heading ult-responsive\"  data-ultimate-target='.uvc-heading.ultimate-heading-685069feb9f681b92 h3'  data-responsive-json-new='{\"font-size\":\"desktop:40px;tablet:35px;tablet_portrait:30px;mobile_landscape:20px;mobile:15px;\",\"line-height\":\"\"}' ><h3 style=\"font-weight:normal;color:#169144;\">Principales ventajas de los talleres Cinco Estrellas Marca Du pont<\/h3><\/div><\/div><div class=\"vc_empty_space\"   style=\"height: 32px\"><span class=\"vc_empty_space_inner\"><\/span><\/div><\/div><\/div><\/div><\/div><div class=\"vc_row wpb_row vc_row-fluid dt-default\" style=\"margin-top: 0px;margin-bottom: 0px\"><div class=\"wpb_column vc_column_container vc_col-sm-8\"><div class=\"vc_column-inner\"><div class=\"wpb_wrapper\"><h4 style=\"text-align: left\" class=\"vc_custom_heading vc_do_custom_heading vc_custom_1521198610253\" >Conocimientos t\u00e9cnicos.<\/h4>\n\t<div class=\"wpb_text_column wpb_content_element\" >\n\t\t<div class=\"wpb_wrapper\">\n\t\t\t<p>\nEl personal de los talleres Cinco estrellas es especialista en su materia y desarrolla una formaci\u00f3n constante para lograr la m\u00e1xima satisfacci\u00f3n de los clientes.<\/p>\n\n\t\t<\/div>\n\t<\/div>\n<h3 style=\"text-align: left\" class=\"vc_custom_heading vc_do_custom_heading vc_custom_1521198628144\" >Equipamiento profesional.<\/h3>\n\t<div class=\"wpb_text_column wpb_content_element\" >\n\t\t<div class=\"wpb_wrapper\">\n\t\t\t<p>\nNuestro equipamiento t\u00e9cnico cumple el m\u00e1s alto est\u00e1ndar de eficacia y fiabilidad para poder asegurar la mayor calidad, rapidez y relaci\u00f3n calidad-precio.<\/p>\n\n\t\t<\/div>\n\t<\/div>\n<h3 style=\"text-align: left\" class=\"vc_custom_heading vc_do_custom_heading vc_custom_1521198660547\" >Asesoramiento.<\/h3>\n\t<div class=\"wpb_text_column wpb_content_element\" >\n\t\t<div class=\"wpb_wrapper\">\n\t\t\t<p>\nSu taller Cinco estrellas le proporciona un excelente asesoramiento para mantener su veh\u00edculo en perfecto provincia.<\/p>\n\n\t\t<\/div>\n\t<\/div>\n<h3 style=\"text-align: left\" class=\"vc_custom_heading vc_do_custom_heading vc_custom_1521198665677\" >Atenci\u00f3n al cliente.<\/h3>\n\t<div class=\"wpb_text_column wpb_content_element\" >\n\t\t<div class=\"wpb_wrapper\">\n\t\t\t<p>\nEl taller Cinco estrellas le ofrece un servicio de m\u00e1xima confianza. Asesoramiento profesional detallado.<\/p>\n\n\t\t<\/div>\n\t<\/div>\n<h3 style=\"text-align: left\" class=\"vc_custom_heading vc_do_custom_heading vc_custom_1521198706827\" >M\u00e1s vale prevenir que curar.<\/h3>\n\t<div class=\"wpb_text_column wpb_content_element\" >\n\t\t<div class=\"wpb_wrapper\">\n\t\t\t<p>\nLa climatolog\u00eda adversa del invierno puede ocasionar peque\u00f1os da\u00f1os, innecesarios y costosos, en la carrocer\u00eda de su veh\u00edculo. Un sencillo mantenimiento preventivo antes que llegue el invierno puede evitarlos. Una vez haya pasado el fr\u00edo, le recomendamos que revise su veh\u00edculo por si hubieran quedados puntos \u00f3xidos en la chapa o restos de sal.<\/p>\n\n\t\t<\/div>\n\t<\/div>\n<h3 style=\"text-align: left\" class=\"vc_custom_heading vc_do_custom_heading vc_custom_1521198671324\" >La garant\u00eda cinco estrellas.<\/h3>\n\t<div class=\"wpb_text_column wpb_content_element\" >\n\t\t<div class=\"wpb_wrapper\">\n\t\t\t<p>\nLa calidad profesional de los talleres Cinco Estrellas est\u00e1 garantizada en todas las reparaciones, y tambi\u00e9n el mantenimiento del acabado.<\/p>\n\n\t\t<\/div>\n\t<\/div>\n<\/div><\/div><\/div><div class=\"wpb_column vc_column_container vc_col-sm-4\"><div class=\"vc_column-inner\"><div class=\"wpb_wrapper\"><div class=\"vc_empty_space\"   style=\"height: 32px\"><span class=\"vc_empty_space_inner\"><\/span><\/div>\n\t<div  class=\"wpb_single_image wpb_content_element vc_align_center  wpb_animate_when_almost_visible wpb_fadeInDown fadeInDown\">\n\t\t\n\t\t<figure class=\"wpb_wrapper vc_figure\">\n\t\t\t<div class=\"vc_single_image-wrapper   vc_box_border_grey\"><img decoding=\"async\" width=\"1024\" height=\"399\" src=\"https:\/\/hermanossarmiento.com\/wp-content\/uploads\/2018\/03\/DuPont.svg-1024x399.png\" class=\"vc_single_image-img attachment-large\" alt=\"Painting Workshop in Malaga\" title=\"Painting Workshop in Malaga\" srcset=\"https:\/\/hermanossarmiento.com\/wp-content\/uploads\/2018\/03\/DuPont.svg-1024x399.png 1024w, https:\/\/hermanossarmiento.com\/wp-content\/uploads\/2018\/03\/DuPont.svg-300x117.png 300w, https:\/\/hermanossarmiento.com\/wp-content\/uploads\/2018\/03\/DuPont.svg-768x300.png 768w, https:\/\/hermanossarmiento.com\/wp-content\/uploads\/2018\/03\/DuPont.svg.png 1200w\" sizes=\"(max-width: 1024px) 100vw, 1024px\"  data-dt-location=\"https:\/\/hermanossarmiento.com\/en\/inicio\/dupont-svg\/\" \/><\/div>\n\t\t<\/figure>\n\t<\/div>\n\n\t<div  class=\"wpb_single_image wpb_content_element vc_align_center  wpb_animate_when_almost_visible wpb_fadeInDown fadeInDown\">\n\t\t\n\t\t<figure class=\"wpb_wrapper vc_figure\">\n\t\t\t<div class=\"vc_single_image-wrapper   vc_box_border_grey\"><img decoding=\"async\" width=\"202\" height=\"40\" src=\"https:\/\/hermanossarmiento.com\/wp-content\/uploads\/2018\/03\/5star.png\" class=\"vc_single_image-img attachment-medium\" alt=\"Bodywork and Painting Workshop\" title=\"Bodywork and Painting Workshop\"  data-dt-location=\"https:\/\/hermanossarmiento.com\/en\/inicio\/5star\/\" \/><\/div>\n\t\t<\/figure>\n\t<\/div>\n<div class=\"vc_empty_space\"   style=\"height: 62px\"><span class=\"vc_empty_space_inner\"><\/span><\/div>\n\t<div  class=\"wpb_single_image wpb_content_element vc_align_center  wpb_animate_when_almost_visible wpb_fadeInUp fadeInUp\">\n\t\t\n\t\t<figure class=\"wpb_wrapper vc_figure\">\n\t\t\t<div class=\"vc_single_image-wrapper   vc_box_border_grey\"><img decoding=\"async\" width=\"250\" height=\"250\" src=\"https:\/\/hermanossarmiento.com\/wp-content\/uploads\/2018\/03\/dupont_5_Star_Service-1.png\" class=\"vc_single_image-img attachment-medium\" alt=\"taller de pintura M\u00e1laga\" title=\"dupont_5_Star_Service\" srcset=\"https:\/\/hermanossarmiento.com\/wp-content\/uploads\/2018\/03\/dupont_5_Star_Service-1.png 250w, https:\/\/hermanossarmiento.com\/wp-content\/uploads\/2018\/03\/dupont_5_Star_Service-1-150x150.png 150w\" sizes=\"(max-width: 250px) 100vw, 250px\"  data-dt-location=\"https:\/\/hermanossarmiento.com\/en\/dupont\/dupont_5_star_service-2\/\" \/><\/div>\n\t\t<\/figure>\n\t<\/div>\n\n\t<div  class=\"wpb_single_image wpb_content_element vc_align_center  wpb_animate_when_almost_visible wpb_fadeInUp fadeInUp vc_custom_1521200995760\">\n\t\t\n\t\t<figure class=\"wpb_wrapper vc_figure\">\n\t\t\t<div class=\"vc_single_image-wrapper   vc_box_border_grey\"><img decoding=\"async\" class=\"vc_single_image-img\" src=\"https:\/\/hermanossarmiento.com\/wp-content\/uploads\/2018\/03\/96ABA5944409BC82-150x150.png\" width=\"150\" height=\"150\" alt=\"taller de pintura M\u00e1laga\" title=\"96ABA5944409BC82\"  data-dt-location=\"https:\/\/hermanossarmiento.com\/en\/dupont\/96aba5944409bc82\/\" \/><\/div>\n\t\t<\/figure>\n\t<\/div>\n<\/div><\/div><\/div><\/div><div class=\"vc_row wpb_row vc_row-fluid dt-default\" style=\"margin-top: 0px;margin-bottom: 0px\"><div class=\"wpb_column vc_column_container vc_col-sm-12\"><div class=\"vc_column-inner\"><div class=\"wpb_wrapper\"><div class=\"vc_empty_space\"   style=\"height: 32px\"><span class=\"vc_empty_space_inner\"><\/span><\/div><div id=\"ult-carousel-57745040969feb9f6870a7\" class=\"ult-carousel-wrapper   ult_horizontal\" data-gutter=\"15\" data-rtl=\"false\" ><div class=\"ult-carousel-62663294769feb9f687064\" ><div class=\"ult-item-wrap\" data-animation=\"animated no-animation\">\n\t<div  class=\"wpb_single_image wpb_content_element vc_align_center\">\n\t\t\n\t\t<figure class=\"wpb_wrapper vc_figure\">\n\t\t\t<div class=\"vc_single_image-wrapper   vc_box_border_grey\"><img decoding=\"async\" width=\"107\" height=\"107\" src=\"https:\/\/hermanossarmiento.com\/wp-content\/uploads\/2018\/03\/color01.png\" class=\"vc_single_image-img attachment-full\" alt=\"taller de pintura M\u00e1laga\" title=\"color01\"  data-dt-location=\"https:\/\/hermanossarmiento.com\/en\/dupont\/color01\/\" \/><\/div>\n\t\t<\/figure>\n\t<\/div>\n<\/div><div class=\"ult-item-wrap\" data-animation=\"animated no-animation\">\n\t<div  class=\"wpb_single_image wpb_content_element vc_align_center\">\n\t\t\n\t\t<figure class=\"wpb_wrapper vc_figure\">\n\t\t\t<div class=\"vc_single_image-wrapper   vc_box_border_grey\"><img decoding=\"async\" width=\"107\" height=\"107\" src=\"https:\/\/hermanossarmiento.com\/wp-content\/uploads\/2018\/03\/color02.png\" class=\"vc_single_image-img attachment-full\" alt=\"taller de pintura M\u00e1laga\" title=\"color02\"  data-dt-location=\"https:\/\/hermanossarmiento.com\/en\/dupont\/color02\/\" \/><\/div>\n\t\t<\/figure>\n\t<\/div>\n<\/div><div class=\"ult-item-wrap\" data-animation=\"animated no-animation\">\n\t<div  class=\"wpb_single_image wpb_content_element vc_align_center\">\n\t\t\n\t\t<figure class=\"wpb_wrapper vc_figure\">\n\t\t\t<div class=\"vc_single_image-wrapper   vc_box_border_grey\"><img decoding=\"async\" width=\"107\" height=\"107\" src=\"https:\/\/hermanossarmiento.com\/wp-content\/uploads\/2018\/03\/color03.png\" class=\"vc_single_image-img attachment-full\" alt=\"taller de pintura M\u00e1laga\" title=\"color03\"  data-dt-location=\"https:\/\/hermanossarmiento.com\/en\/dupont\/color03\/\" \/><\/div>\n\t\t<\/figure>\n\t<\/div>\n<\/div><div class=\"ult-item-wrap\" data-animation=\"animated no-animation\">\n\t<div  class=\"wpb_single_image wpb_content_element vc_align_center\">\n\t\t\n\t\t<figure class=\"wpb_wrapper vc_figure\">\n\t\t\t<div class=\"vc_single_image-wrapper   vc_box_border_grey\"><img decoding=\"async\" width=\"107\" height=\"107\" src=\"https:\/\/hermanossarmiento.com\/wp-content\/uploads\/2018\/03\/color04.png\" class=\"vc_single_image-img attachment-full\" alt=\"taller de pintura M\u00e1laga\" title=\"color04\"  data-dt-location=\"https:\/\/hermanossarmiento.com\/en\/dupont\/color04\/\" \/><\/div>\n\t\t<\/figure>\n\t<\/div>\n<\/div><div class=\"ult-item-wrap\" data-animation=\"animated no-animation\">\n\t<div  class=\"wpb_single_image wpb_content_element vc_align_center\">\n\t\t\n\t\t<figure class=\"wpb_wrapper vc_figure\">\n\t\t\t<div class=\"vc_single_image-wrapper   vc_box_border_grey\"><img decoding=\"async\" width=\"107\" height=\"107\" src=\"https:\/\/hermanossarmiento.com\/wp-content\/uploads\/2018\/03\/color05.png\" class=\"vc_single_image-img attachment-full\" alt=\"taller de pintura M\u00e1laga\" title=\"color05\"  data-dt-location=\"https:\/\/hermanossarmiento.com\/en\/dupont\/color05\/\" \/><\/div>\n\t\t<\/figure>\n\t<\/div>\n<\/div><div class=\"ult-item-wrap\" data-animation=\"animated no-animation\">\n\t<div  class=\"wpb_single_image wpb_content_element vc_align_center\">\n\t\t\n\t\t<figure class=\"wpb_wrapper vc_figure\">\n\t\t\t<div class=\"vc_single_image-wrapper   vc_box_border_grey\"><img decoding=\"async\" width=\"107\" height=\"107\" src=\"https:\/\/hermanossarmiento.com\/wp-content\/uploads\/2018\/03\/color06.png\" class=\"vc_single_image-img attachment-full\" alt=\"taller de pintura M\u00e1laga\" title=\"color06\"  data-dt-location=\"https:\/\/hermanossarmiento.com\/en\/dupont\/color06\/\" \/><\/div>\n\t\t<\/figure>\n\t<\/div>\n<\/div><div class=\"ult-item-wrap\" data-animation=\"animated no-animation\">\n\t<div  class=\"wpb_single_image wpb_content_element vc_align_center\">\n\t\t\n\t\t<figure class=\"wpb_wrapper vc_figure\">\n\t\t\t<div class=\"vc_single_image-wrapper   vc_box_border_grey\"><img decoding=\"async\" width=\"107\" height=\"107\" src=\"https:\/\/hermanossarmiento.com\/wp-content\/uploads\/2018\/03\/color07.png\" class=\"vc_single_image-img attachment-full\" alt=\"taller de pintura M\u00e1laga\" title=\"color07\"  data-dt-location=\"https:\/\/hermanossarmiento.com\/en\/dupont\/color07\/\" \/><\/div>\n\t\t<\/figure>\n\t<\/div>\n<\/div><div class=\"ult-item-wrap\" data-animation=\"animated no-animation\">\n\t<div  class=\"wpb_single_image wpb_content_element vc_align_center\">\n\t\t\n\t\t<figure class=\"wpb_wrapper vc_figure\">\n\t\t\t<div class=\"vc_single_image-wrapper   vc_box_border_grey\"><img decoding=\"async\" width=\"107\" height=\"107\" src=\"https:\/\/hermanossarmiento.com\/wp-content\/uploads\/2018\/03\/color08.png\" class=\"vc_single_image-img attachment-full\" alt=\"taller de pintura M\u00e1laga\" title=\"color08\"  data-dt-location=\"https:\/\/hermanossarmiento.com\/en\/dupont\/color08\/\" \/><\/div>\n\t\t<\/figure>\n\t<\/div>\n<\/div><div class=\"ult-item-wrap\" data-animation=\"animated no-animation\">\n\t<div  class=\"wpb_single_image wpb_content_element vc_align_center\">\n\t\t\n\t\t<figure class=\"wpb_wrapper vc_figure\">\n\t\t\t<div class=\"vc_single_image-wrapper   vc_box_border_grey\"><img decoding=\"async\" width=\"107\" height=\"107\" src=\"https:\/\/hermanossarmiento.com\/wp-content\/uploads\/2018\/03\/color09.png\" class=\"vc_single_image-img attachment-full\" alt=\"taller de pintura M\u00e1laga\" title=\"color09\"  data-dt-location=\"https:\/\/hermanossarmiento.com\/en\/dupont\/color09\/\" \/><\/div>\n\t\t<\/figure>\n\t<\/div>\n<\/div><div class=\"ult-item-wrap\" data-animation=\"animated no-animation\">\n\t<div  class=\"wpb_single_image wpb_content_element vc_align_center\">\n\t\t\n\t\t<figure class=\"wpb_wrapper vc_figure\">\n\t\t\t<div class=\"vc_single_image-wrapper   vc_box_border_grey\"><img decoding=\"async\" width=\"107\" height=\"107\" src=\"https:\/\/hermanossarmiento.com\/wp-content\/uploads\/2018\/03\/color10.png\" class=\"vc_single_image-img attachment-full\" alt=\"taller de pintura M\u00e1laga\" title=\"color10\"  data-dt-location=\"https:\/\/hermanossarmiento.com\/en\/dupont\/color10\/\" \/><\/div>\n\t\t<\/figure>\n\t<\/div>\n<\/div><div class=\"ult-item-wrap\" data-animation=\"animated no-animation\">\n\t<div  class=\"wpb_single_image wpb_content_element vc_align_center\">\n\t\t\n\t\t<figure class=\"wpb_wrapper vc_figure\">\n\t\t\t<div class=\"vc_single_image-wrapper   vc_box_border_grey\"><img decoding=\"async\" width=\"107\" height=\"107\" src=\"https:\/\/hermanossarmiento.com\/wp-content\/uploads\/2018\/03\/color11.png\" class=\"vc_single_image-img attachment-full\" alt=\"taller de pintura M\u00e1laga\" title=\"color11\"  data-dt-location=\"https:\/\/hermanossarmiento.com\/en\/dupont\/color11\/\" \/><\/div>\n\t\t<\/figure>\n\t<\/div>\n<\/div><div class=\"ult-item-wrap\" data-animation=\"animated no-animation\">\n\t<div  class=\"wpb_single_image wpb_content_element vc_align_center\">\n\t\t\n\t\t<figure class=\"wpb_wrapper vc_figure\">\n\t\t\t<div class=\"vc_single_image-wrapper   vc_box_border_grey\"><img decoding=\"async\" width=\"107\" height=\"107\" src=\"https:\/\/hermanossarmiento.com\/wp-content\/uploads\/2018\/03\/color12.png\" class=\"vc_single_image-img attachment-full\" alt=\"taller de pintura M\u00e1laga\" title=\"color12\"  data-dt-location=\"https:\/\/hermanossarmiento.com\/en\/dupont\/color12\/\" \/><\/div>\n\t\t<\/figure>\n\t<\/div>\n<\/div><div class=\"ult-item-wrap\" data-animation=\"animated no-animation\">\n\t<div  class=\"wpb_single_image wpb_content_element vc_align_center\">\n\t\t\n\t\t<figure class=\"wpb_wrapper vc_figure\">\n\t\t\t<div class=\"vc_single_image-wrapper   vc_box_border_grey\"><img decoding=\"async\" width=\"107\" height=\"107\" src=\"https:\/\/hermanossarmiento.com\/wp-content\/uploads\/2018\/03\/color13.png\" class=\"vc_single_image-img attachment-full\" alt=\"taller de pintura M\u00e1laga\" title=\"color13\"  data-dt-location=\"https:\/\/hermanossarmiento.com\/en\/dupont\/color13\/\" \/><\/div>\n\t\t<\/figure>\n\t<\/div>\n<\/div><div class=\"ult-item-wrap\" data-animation=\"animated no-animation\">\n\t<div  class=\"wpb_single_image wpb_content_element vc_align_center\">\n\t\t\n\t\t<figure class=\"wpb_wrapper vc_figure\">\n\t\t\t<div class=\"vc_single_image-wrapper   vc_box_border_grey\"><img decoding=\"async\" width=\"107\" height=\"107\" src=\"https:\/\/hermanossarmiento.com\/wp-content\/uploads\/2018\/03\/color14.png\" class=\"vc_single_image-img attachment-full\" alt=\"taller de pintura M\u00e1laga\" title=\"color14\"  data-dt-location=\"https:\/\/hermanossarmiento.com\/en\/dupont\/color14\/\" \/><\/div>\n\t\t<\/figure>\n\t<\/div>\n<\/div><div class=\"ult-item-wrap\" data-animation=\"animated no-animation\">\n\t<div  class=\"wpb_single_image wpb_content_element vc_align_center\">\n\t\t\n\t\t<figure class=\"wpb_wrapper vc_figure\">\n\t\t\t<div class=\"vc_single_image-wrapper   vc_box_border_grey\"><img decoding=\"async\" width=\"107\" height=\"107\" src=\"https:\/\/hermanossarmiento.com\/wp-content\/uploads\/2018\/03\/color15.png\" class=\"vc_single_image-img attachment-full\" alt=\"taller de pintura M\u00e1laga\" title=\"color15\"  data-dt-location=\"https:\/\/hermanossarmiento.com\/en\/dupont\/color15\/\" \/><\/div>\n\t\t<\/figure>\n\t<\/div>\n<\/div><div class=\"ult-item-wrap\" data-animation=\"animated no-animation\">\n\t<div  class=\"wpb_single_image wpb_content_element vc_align_center\">\n\t\t\n\t\t<figure class=\"wpb_wrapper vc_figure\">\n\t\t\t<div class=\"vc_single_image-wrapper   vc_box_border_grey\"><img decoding=\"async\" width=\"107\" height=\"107\" src=\"https:\/\/hermanossarmiento.com\/wp-content\/uploads\/2018\/03\/color16.png\" class=\"vc_single_image-img attachment-full\" alt=\"taller de pintura M\u00e1laga\" title=\"color16\"  data-dt-location=\"https:\/\/hermanossarmiento.com\/en\/dupont\/color16\/\" \/><\/div>\n\t\t<\/figure>\n\t<\/div>\n<\/div><div class=\"ult-item-wrap\" data-animation=\"animated no-animation\">\n\t<div  class=\"wpb_single_image wpb_content_element vc_align_center\">\n\t\t\n\t\t<figure class=\"wpb_wrapper vc_figure\">\n\t\t\t<div class=\"vc_single_image-wrapper   vc_box_border_grey\"><img decoding=\"async\" width=\"107\" height=\"107\" src=\"https:\/\/hermanossarmiento.com\/wp-content\/uploads\/2018\/03\/color17.png\" class=\"vc_single_image-img attachment-full\" alt=\"taller de pintura M\u00e1laga\" title=\"color17\"  data-dt-location=\"https:\/\/hermanossarmiento.com\/en\/dupont\/color17\/\" \/><\/div>\n\t\t<\/figure>\n\t<\/div>\n<\/div><div class=\"ult-item-wrap\" data-animation=\"animated no-animation\">\n\t<div  class=\"wpb_single_image wpb_content_element vc_align_center\">\n\t\t\n\t\t<figure class=\"wpb_wrapper vc_figure\">\n\t\t\t<div class=\"vc_single_image-wrapper   vc_box_border_grey\"><img decoding=\"async\" width=\"107\" height=\"107\" src=\"https:\/\/hermanossarmiento.com\/wp-content\/uploads\/2018\/03\/color18.png\" class=\"vc_single_image-img attachment-full\" alt=\"taller de pintura M\u00e1laga\" title=\"color18\"  data-dt-location=\"https:\/\/hermanossarmiento.com\/en\/dupont\/color18\/\" \/><\/div>\n\t\t<\/figure>\n\t<\/div>\n<\/div><div class=\"ult-item-wrap\" data-animation=\"animated no-animation\">\n\t<div  class=\"wpb_single_image wpb_content_element vc_align_center\">\n\t\t\n\t\t<figure class=\"wpb_wrapper vc_figure\">\n\t\t\t<div class=\"vc_single_image-wrapper   vc_box_border_grey\"><img decoding=\"async\" width=\"107\" height=\"107\" src=\"https:\/\/hermanossarmiento.com\/wp-content\/uploads\/2018\/03\/color19.png\" class=\"vc_single_image-img attachment-full\" alt=\"taller de pintura M\u00e1laga\" title=\"color19\"  data-dt-location=\"https:\/\/hermanossarmiento.com\/en\/dupont\/color19\/\" \/><\/div>\n\t\t<\/figure>\n\t<\/div>\n<\/div><div class=\"ult-item-wrap\" data-animation=\"animated no-animation\">\n\t<div  class=\"wpb_single_image wpb_content_element vc_align_center\">\n\t\t\n\t\t<figure class=\"wpb_wrapper vc_figure\">\n\t\t\t<div class=\"vc_single_image-wrapper   vc_box_border_grey\"><img decoding=\"async\" width=\"107\" height=\"107\" src=\"https:\/\/hermanossarmiento.com\/wp-content\/uploads\/2018\/03\/color20.png\" class=\"vc_single_image-img attachment-full\" alt=\"taller de pintura M\u00e1laga\" title=\"color20\"  data-dt-location=\"https:\/\/hermanossarmiento.com\/en\/dupont\/color20\/\" \/><\/div>\n\t\t<\/figure>\n\t<\/div>\n<\/div><div class=\"ult-item-wrap\" data-animation=\"animated no-animation\">\n\t<div  class=\"wpb_single_image wpb_content_element vc_align_center\">\n\t\t\n\t\t<figure class=\"wpb_wrapper vc_figure\">\n\t\t\t<div class=\"vc_single_image-wrapper   vc_box_border_grey\"><img decoding=\"async\" width=\"107\" height=\"107\" src=\"https:\/\/hermanossarmiento.com\/wp-content\/uploads\/2018\/03\/color21.png\" class=\"vc_single_image-img attachment-full\" alt=\"taller de pintura M\u00e1laga\" title=\"color21\"  data-dt-location=\"https:\/\/hermanossarmiento.com\/en\/dupont\/color21\/\" \/><\/div>\n\t\t<\/figure>\n\t<\/div>\n<\/div><div class=\"ult-item-wrap\" data-animation=\"animated no-animation\">\n\t<div  class=\"wpb_single_image wpb_content_element vc_align_center\">\n\t\t\n\t\t<figure class=\"wpb_wrapper vc_figure\">\n\t\t\t<div class=\"vc_single_image-wrapper   vc_box_border_grey\"><img decoding=\"async\" width=\"107\" height=\"107\" src=\"https:\/\/hermanossarmiento.com\/wp-content\/uploads\/2018\/03\/color22.png\" class=\"vc_single_image-img attachment-full\" alt=\"taller de pintura M\u00e1laga\" title=\"color22\"  data-dt-location=\"https:\/\/hermanossarmiento.com\/en\/dupont\/color22\/\" \/><\/div>\n\t\t<\/figure>\n\t<\/div>\n<\/div><\/div><\/div>\t\t\t<script type=\"text\/javascript\">\n\t\t\t\tjQuery(document).ready(function ($) {\n\t\t\t\t\tif( typeof jQuery('.ult-carousel-62663294769feb9f687064').slick == \"function\"){\n\t\t\t\t\t\t$('.ult-carousel-62663294769feb9f687064').slick({dots: true,autoplay: true,autoplaySpeed: \"5000\",speed: \"300\",infinite: true,arrows: true,nextArrow: '<button type=\"button\" role=\"button\" aria-label=\"Next\" style=\"color:#333333; font-size:20px;\" class=\"slick-next default\"><i class=\"ultsl-arrow-right4\"><\/i><\/button>',prevArrow: '<button type=\"button\" role=\"button\" aria-label=\"Previous\" style=\"color:#333333; font-size:20px;\" class=\"slick-prev default\"><i class=\"ultsl-arrow-left4\"><\/i><\/button>',slidesToScroll:6,slidesToShow:6,swipe: true,draggable: true,touchMove: true,pauseOnHover: true,pauseOnFocus: false,responsive: [\n\t\t\t\t\t\t\t{\n\t\t\t\t\t\t\t  breakpoint: 1026,\n\t\t\t\t\t\t\t  settings: {\n\t\t\t\t\t\t\t\tslidesToShow: 6,\n\t\t\t\t\t\t\t\tslidesToScroll: 6,  \n\t\t\t\t\t\t\t  }\n\t\t\t\t\t\t\t},\n\t\t\t\t\t\t\t{\n\t\t\t\t\t\t\t  breakpoint: 1025,\n\t\t\t\t\t\t\t  settings: {\n\t\t\t\t\t\t\t\tslidesToShow: 4,\n\t\t\t\t\t\t\t\tslidesToScroll: 4\n\t\t\t\t\t\t\t  }\n\t\t\t\t\t\t\t},\n\t\t\t\t\t\t\t{\n\t\t\t\t\t\t\t  breakpoint: 760,\n\t\t\t\t\t\t\t  settings: {\n\t\t\t\t\t\t\t\tslidesToShow: 2,\n\t\t\t\t\t\t\t\tslidesToScroll: 2\n\t\t\t\t\t\t\t  }\n\t\t\t\t\t\t\t}\n\t\t\t\t\t\t],pauseOnDotsHover: true,customPaging: function(slider, i) {\n                   return '<i type=\"button\" style= \"color:#333333;\" class=\"ultsl-record\" data-role=\"none\"><\/i>';\n                },});\n\t\t\t\t\t}\n\t\t\t\t});\n\t\t\t<\/script>\n\t\t\t<\/div><\/div><\/div><\/div><div class=\"vc_row wpb_row vc_row-fluid dt-default\" style=\"margin-top: 0px;margin-bottom: 0px\"><div class=\"wpb_column vc_column_container vc_col-sm-8\"><div class=\"vc_column-inner\"><div class=\"wpb_wrapper\"><h3 style=\"text-align: left\" class=\"vc_custom_heading vc_do_custom_heading vc_custom_1521198676469\" >Productos de calidad.<\/h3>\n\t<div class=\"wpb_text_column wpb_content_element\" >\n\t\t<div class=\"wpb_wrapper\">\n\t\t\t<p>\nDuPont fue el inventor de la pintura para coches aplicada con pistola y ahora es el l\u00edder en tecnolog\u00eda de pintura para veh\u00edculos. Todos los miembros de la Red Cinco Estrellas usan exclusivamente la m\u00e1s alta gama de productos DuPont.<\/p>\n\n\t\t<\/div>\n\t<\/div>\n<h3 style=\"text-align: left\" class=\"vc_custom_heading vc_do_custom_heading vc_custom_1521198681326\" >A medida.<\/h3>\n\t<div class=\"wpb_text_column wpb_content_element\" >\n\t\t<div class=\"wpb_wrapper\">\n\t\t\t<p>\nD\u00e9jese aconsejar por su especialista Cinco Estrellas para realizar trabajos especiales o personalizados, como el logo de su empresa, colores adicionales, r\u00f3tulos, etc.<\/p>\n\n\t\t<\/div>\n\t<\/div>\n<\/div><\/div><\/div><div class=\"wpb_column vc_column_container vc_col-sm-4\"><div class=\"vc_column-inner\"><div class=\"wpb_wrapper\">\n\t<div  class=\"wpb_single_image wpb_content_element vc_align_center  wpb_animate_when_almost_visible wpb_fadeInRight fadeInRight\">\n\t\t\n\t\t<figure class=\"wpb_wrapper vc_figure\">\n\t\t\t<div class=\"vc_single_image-wrapper   vc_box_border_grey\"><img decoding=\"async\" width=\"300\" height=\"251\" src=\"https:\/\/hermanossarmiento.com\/wp-content\/uploads\/2018\/03\/car-300x251.png\" class=\"vc_single_image-img attachment-medium\" alt=\"taller de pintura M\u00e1laga\" title=\"car\" srcset=\"https:\/\/hermanossarmiento.com\/wp-content\/uploads\/2018\/03\/car-300x251.png 300w, https:\/\/hermanossarmiento.com\/wp-content\/uploads\/2018\/03\/car.png 543w\" sizes=\"(max-width: 300px) 100vw, 300px\"  data-dt-location=\"https:\/\/hermanossarmiento.com\/en\/dupont\/car-2\/\" \/><\/div>\n\t\t<\/figure>\n\t<\/div>\n<\/div><\/div><\/div><\/div>\n<\/div>","protected":false},"excerpt":{"rendered":"<p>Principales ventajas de los talleres Cinco Estrellas Marca Du pontConocimientos t\u00e9cnicos. El personal de los talleres Cinco estrellas es especialista en su materia y desarrolla una formaci\u00f3n constante para lograr la m\u00e1xima satisfacci\u00f3n de los clientes. Equipamiento profesional. Nuestro equipamiento t\u00e9cnico cumple el m\u00e1s alto est\u00e1ndar de eficacia y fiabilidad para poder asegurar la mayor&hellip;<\/p>","protected":false},"author":1,"featured_media":0,"parent":0,"menu_order":0,"comment_status":"closed","ping_status":"closed","template":"","meta":{"_acf_changed":false,"inline_featured_image":false,"_joinchat":[],"footnotes":""},"class_list":["post-36813","page","type-page","status-publish","hentry","description-off"],"acf":[],"_links":{"self":[{"href":"https:\/\/hermanossarmiento.com\/en\/wp-json\/wp\/v2\/pages\/36813","targetHints":{"allow":["GET"]}}],"collection":[{"href":"https:\/\/hermanossarmiento.com\/en\/wp-json\/wp\/v2\/pages"}],"about":[{"href":"https:\/\/hermanossarmiento.com\/en\/wp-json\/wp\/v2\/types\/page"}],"author":[{"embeddable":true,"href":"https:\/\/hermanossarmiento.com\/en\/wp-json\/wp\/v2\/users\/1"}],"replies":[{"embeddable":true,"href":"https:\/\/hermanossarmiento.com\/en\/wp-json\/wp\/v2\/comments?post=36813"}],"version-history":[{"count":0,"href":"https:\/\/hermanossarmiento.com\/en\/wp-json\/wp\/v2\/pages\/36813\/revisions"}],"wp:attachment":[{"href":"https:\/\/hermanossarmiento.com\/en\/wp-json\/wp\/v2\/media?parent=36813"}],"curies":[{"name":"wp","href":"https:\/\/api.w.org\/{rel}","templated":true}]}}