{"id":36818,"date":"2018-03-12T13:04:07","date_gmt":"2018-03-12T12:04:07","guid":{"rendered":"https:\/\/hermanossarmiento.com\/?page_id=36818"},"modified":"2019-10-18T14:33:46","modified_gmt":"2019-10-18T13:33:46","slug":"grua","status":"publish","type":"page","link":"https:\/\/hermanossarmiento.com\/en\/grua\/","title":{"rendered":"Towing Service"},"content":{"rendered":"<div class=\"wpb-content-wrapper\"><div class=\"vc_row wpb_row vc_row-fluid dt-default\" style=\"margin-top: 0px;margin-bottom: 0px\"><div class=\"wpb_column vc_column_container vc_col-sm-6\"><div class=\"vc_column-inner\"><div class=\"wpb_wrapper\">\n\t<div  class=\"wpb_single_image wpb_content_element vc_align_left\">\n\t\t\n\t\t<figure class=\"wpb_wrapper vc_figure\">\n\t\t\t<div class=\"vc_single_image-wrapper   vc_box_border_grey\"><img decoding=\"async\" width=\"1024\" height=\"537\" src=\"https:\/\/hermanossarmiento.com\/wp-content\/uploads\/2018\/03\/fotogrua1-1024x537.jpg\" class=\"vc_single_image-img attachment-large\" alt=\"taller de chapa y pintura M\u00e1laga\" title=\"fotogrua1\" srcset=\"https:\/\/hermanossarmiento.com\/wp-content\/uploads\/2018\/03\/fotogrua1-1024x537.jpg 1024w, https:\/\/hermanossarmiento.com\/wp-content\/uploads\/2018\/03\/fotogrua1-300x157.jpg 300w, https:\/\/hermanossarmiento.com\/wp-content\/uploads\/2018\/03\/fotogrua1-768x403.jpg 768w, https:\/\/hermanossarmiento.com\/wp-content\/uploads\/2018\/03\/fotogrua1.jpg 1150w\" sizes=\"(max-width: 1024px) 100vw, 1024px\"  data-dt-location=\"https:\/\/hermanossarmiento.com\/en\/grua\/fotogrua1\/\" \/><\/div>\n\t\t<\/figure>\n\t<\/div>\n<\/div><\/div><\/div><div class=\"wpb_column vc_column_container vc_col-sm-6\"><div class=\"vc_column-inner\"><div class=\"wpb_wrapper\">\n\t<div class=\"wpb_text_column wpb_content_element\" >\n\t\t<div class=\"wpb_wrapper\">\n\t\t\t<p>Hermanos Sarmiento, tambi\u00e9n es una empresa dedicada al servicio de transportes de veh\u00edculos y maquinarias de hasta 12 mts, as\u00ed como la asistencia en viaje 24 horas.<\/p>\n\n\t\t<\/div>\n\t<\/div>\n<div class=\"vc_empty_space\"   style=\"height: 32px\"><span class=\"vc_empty_space_inner\"><\/span><\/div>\n\t<div class=\"wpb_text_column wpb_content_element\" >\n\t\t<div class=\"wpb_wrapper\">\n\t\t\t<p>\nDisponemos de una flota de veh\u00edculos adaptados para realizar las m\u00e1s diversas tareas:<\/p>\n\n\t\t<\/div>\n\t<\/div>\n<div class=\"vc_empty_space\"   style=\"height: 32px\"><span class=\"vc_empty_space_inner\"><\/span><\/div>\n\t<div class=\"wpb_text_column wpb_content_element\" >\n\t\t<div class=\"wpb_wrapper\">\n\t\t\t<p>\nVeh\u00edculo con plataforma porta de 3 ejes y 3\u20195 toneladas de M.M.A. (este automotor est\u00e1 equipado con plataforma porta veh\u00edculos de 4.5m de longitud, perfil bajo y suspensi\u00f3n trasera neum\u00e1tica regulable, especialmente indicado para la carga de veh\u00edculos tunning, as\u00ed como veh\u00edculos especialmente bajos.)<\/p>\n\n\t\t<\/div>\n\t<\/div>\n<\/div><\/div><\/div><\/div><div class=\"vc_row wpb_row vc_row-fluid dt-default\" style=\"margin-top: 0px;margin-bottom: 0px\"><div class=\"wpb_column vc_column_container vc_col-sm-12\"><div class=\"vc_column-inner\"><div class=\"wpb_wrapper\"><div class=\"vc_empty_space\"   style=\"height: 32px\"><span class=\"vc_empty_space_inner\"><\/span><\/div>\n\t<div class=\"wpb_text_column wpb_content_element\" >\n\t\t<div class=\"wpb_wrapper\">\n\t\t\t<p>\nAutomotor con plataforma porta veh\u00edculos de 4\u20195 toneladas de M.M.A. (este veh\u00edculo esta equipado con plataforma portable de 5.2m de longitud y enganche trasero para remolques, ideal para la asistencia en viaje, as\u00ed como para traslados de turismos de todo tipo).<\/p>\n\n\t\t<\/div>\n\t<\/div>\n<div class=\"vc_empty_space\"   style=\"height: 32px\"><span class=\"vc_empty_space_inner\"><\/span><\/div>\n\t<div class=\"wpb_text_column wpb_content_element\" >\n\t\t<div class=\"wpb_wrapper\">\n\t\t\t<p>\nVeh\u00edculo con plataforma portable de 18 toneladas de M.M.A. y dispositivo de arrastre trasero. (este automotor est\u00e1 equipado con plataforma de 7.5m de longitud, enganche trasero para remolques de hasta 3.5 toneladas de M.M.A. y palas traseras para el remolcado de veh\u00edculo hasta 3.5 toneladas de M.M.A. especialmente indicado para el transporte de veh\u00edculos y maquinarias de un peso menor a 9 toneladas, as\u00ed como para traslado de veh\u00edculos pudiendo transportar hasta 3 veh\u00edculos simult\u00e1neamente).<\/p>\n\n\t\t<\/div>\n\t<\/div>\n<\/div><\/div><\/div><\/div>\n<\/div>","protected":false},"excerpt":{"rendered":"<p>Hermanos Sarmiento, tambi\u00e9n es una empresa dedicada al servicio de transportes de veh\u00edculos y maquinarias de hasta 12 mts, as\u00ed como la asistencia en viaje 24 horas. Disponemos de una flota de veh\u00edculos adaptados para realizar las m\u00e1s diversas tareas: Veh\u00edculo con plataforma porta de 3 ejes y 3\u20195 toneladas de M.M.A. (este automotor est\u00e1&hellip;<\/p>","protected":false},"author":1,"featured_media":0,"parent":0,"menu_order":0,"comment_status":"closed","ping_status":"closed","template":"","meta":{"_acf_changed":false,"inline_featured_image":false,"_joinchat":[],"footnotes":""},"class_list":["post-36818","page","type-page","status-publish","hentry","description-off"],"acf":[],"_links":{"self":[{"href":"https:\/\/hermanossarmiento.com\/en\/wp-json\/wp\/v2\/pages\/36818","targetHints":{"allow":["GET"]}}],"collection":[{"href":"https:\/\/hermanossarmiento.com\/en\/wp-json\/wp\/v2\/pages"}],"about":[{"href":"https:\/\/hermanossarmiento.com\/en\/wp-json\/wp\/v2\/types\/page"}],"author":[{"embeddable":true,"href":"https:\/\/hermanossarmiento.com\/en\/wp-json\/wp\/v2\/users\/1"}],"replies":[{"embeddable":true,"href":"https:\/\/hermanossarmiento.com\/en\/wp-json\/wp\/v2\/comments?post=36818"}],"version-history":[{"count":0,"href":"https:\/\/hermanossarmiento.com\/en\/wp-json\/wp\/v2\/pages\/36818\/revisions"}],"wp:attachment":[{"href":"https:\/\/hermanossarmiento.com\/en\/wp-json\/wp\/v2\/media?parent=36818"}],"curies":[{"name":"wp","href":"https:\/\/api.w.org\/{rel}","templated":true}]}}