{"id":37136,"date":"2018-04-09T13:43:38","date_gmt":"2018-04-09T12:43:38","guid":{"rendered":"https:\/\/hermanossarmiento.com\/?page_id=37136"},"modified":"2021-11-02T14:27:44","modified_gmt":"2021-11-02T13:27:44","slug":"trabajos-del-taller-de-chapa","status":"publish","type":"page","link":"https:\/\/hermanossarmiento.com\/en\/trabajos-del-taller-de-chapa\/","title":{"rendered":"Trabajos del Taller de Chapa"},"content":{"rendered":"<div class=\"wpb-content-wrapper\"><div class=\"vc_row wpb_row vc_row-fluid dt-default\" style=\"margin-top: 0px;margin-bottom: 0px\"><div class=\"wpb_column vc_column_container vc_col-sm-12\"><div class=\"vc_column-inner\"><div class=\"wpb_wrapper\">\n\t<div class=\"wpb_text_column wpb_content_element\" >\n\t\t<div class=\"wpb_wrapper\">\n\t\t\t<h3 style=\"text-align: center;\">Que mejor ejemplo que un proceso de reconstrucci\u00f3n de un veh\u00edculo real en unas pocas im\u00e1genes.<\/h3>\n\n\t\t<\/div>\n\t<\/div>\n<div class=\"vc_empty_space\"   style=\"height: 32px\"><span class=\"vc_empty_space_inner\"><\/span><\/div><\/div><\/div><\/div><\/div><div class=\"vc_row wpb_row vc_row-fluid dt-default\" style=\"margin-top: 0px;margin-bottom: 0px\"><div class=\"wpb_column vc_column_container vc_col-sm-4\"><div class=\"vc_column-inner\"><div class=\"wpb_wrapper\"><div class=\"twentytwenty-container\" data-orientation=\"horizontal\" data-offset=\"0.5\"><img decoding=\"async\" class=\"preload-me\" src=\"https:\/\/hermanossarmiento.com\/wp-content\/uploads\/2018\/04\/001-b.jpg\" width=\"1024\" height=\"1024\"  title=\"Paso 1\" alt=\"taller de chapa M\u00e1laga\"><img decoding=\"async\" class=\"preload-me\" src=\"https:\/\/hermanossarmiento.com\/wp-content\/uploads\/2018\/04\/001.jpg\" width=\"1024\" height=\"1024\"  title=\"Paso 2\" alt=\"taller de chapa M\u00e1laga\"><\/div><\/div><\/div><\/div><div class=\"wpb_column vc_column_container vc_col-sm-4\"><div class=\"vc_column-inner\"><div class=\"wpb_wrapper\"><div class=\"twentytwenty-container\" data-orientation=\"horizontal\" data-offset=\"0.5\"><img decoding=\"async\" class=\"preload-me\" src=\"https:\/\/hermanossarmiento.com\/wp-content\/uploads\/2018\/04\/002.jpg\" width=\"1024\" height=\"1024\"  title=\"Paso 3\" alt=\"taller de chapa M\u00e1laga\"><img decoding=\"async\" class=\"preload-me\" src=\"https:\/\/hermanossarmiento.com\/wp-content\/uploads\/2018\/04\/002-b.jpg\" width=\"1024\" height=\"1024\"  title=\"Paso 4\" alt=\"taller de chapa M\u00e1laga\"><\/div><\/div><\/div><\/div><div class=\"wpb_column vc_column_container vc_col-sm-4\"><div class=\"vc_column-inner\"><div class=\"wpb_wrapper\">\n\t<div  class=\"wpb_single_image wpb_content_element vc_align_left\">\n\t\t\n\t\t<figure class=\"wpb_wrapper vc_figure\">\n\t\t\t<div class=\"vc_single_image-wrapper   vc_box_border_grey\"><img decoding=\"async\" width=\"1024\" height=\"1024\" src=\"https:\/\/hermanossarmiento.com\/wp-content\/uploads\/2018\/04\/003.jpg\" class=\"vc_single_image-img attachment-large\" alt=\"taller de chapa M\u00e1laga\" title=\"Final\" srcset=\"https:\/\/hermanossarmiento.com\/wp-content\/uploads\/2018\/04\/003.jpg 1024w, https:\/\/hermanossarmiento.com\/wp-content\/uploads\/2018\/04\/003-150x150.jpg 150w, https:\/\/hermanossarmiento.com\/wp-content\/uploads\/2018\/04\/003-300x300.jpg 300w, https:\/\/hermanossarmiento.com\/wp-content\/uploads\/2018\/04\/003-768x768.jpg 768w\" sizes=\"(max-width: 1024px) 100vw, 1024px\"  data-dt-location=\"https:\/\/hermanossarmiento.com\/en\/003\/\" \/><\/div>\n\t\t<\/figure>\n\t<\/div>\n<\/div><\/div><\/div><\/div>\n<\/div>","protected":false},"excerpt":{"rendered":"<p>Que mejor ejemplo que un proceso de reconstrucci\u00f3n de un veh\u00edculo real en unas pocas im\u00e1genes.<\/p>","protected":false},"author":1,"featured_media":0,"parent":0,"menu_order":0,"comment_status":"closed","ping_status":"closed","template":"","meta":{"_acf_changed":false,"inline_featured_image":false,"_joinchat":[],"footnotes":""},"class_list":["post-37136","page","type-page","status-publish","hentry","description-off"],"acf":[],"_links":{"self":[{"href":"https:\/\/hermanossarmiento.com\/en\/wp-json\/wp\/v2\/pages\/37136","targetHints":{"allow":["GET"]}}],"collection":[{"href":"https:\/\/hermanossarmiento.com\/en\/wp-json\/wp\/v2\/pages"}],"about":[{"href":"https:\/\/hermanossarmiento.com\/en\/wp-json\/wp\/v2\/types\/page"}],"author":[{"embeddable":true,"href":"https:\/\/hermanossarmiento.com\/en\/wp-json\/wp\/v2\/users\/1"}],"replies":[{"embeddable":true,"href":"https:\/\/hermanossarmiento.com\/en\/wp-json\/wp\/v2\/comments?post=37136"}],"version-history":[{"count":0,"href":"https:\/\/hermanossarmiento.com\/en\/wp-json\/wp\/v2\/pages\/37136\/revisions"}],"wp:attachment":[{"href":"https:\/\/hermanossarmiento.com\/en\/wp-json\/wp\/v2\/media?parent=37136"}],"curies":[{"name":"wp","href":"https:\/\/api.w.org\/{rel}","templated":true}]}}