{"id":37435,"date":"2021-11-02T12:35:47","date_gmt":"2021-11-02T11:35:47","guid":{"rendered":"https:\/\/hermanossarmiento.com\/?page_id=37435"},"modified":"2022-07-28T17:27:22","modified_gmt":"2022-07-28T16:27:22","slug":"trabaja-con-nosotros","status":"publish","type":"page","link":"https:\/\/hermanossarmiento.com\/en\/trabaja-con-nosotros\/","title":{"rendered":"Work with us"},"content":{"rendered":"<div class=\"wpb-content-wrapper\"><div class=\"vc_row wpb_row vc_row-fluid dt-default\" style=\"margin-top: 0px;margin-bottom: 0px\"><div class=\"wpb_column vc_column_container vc_col-sm-12 vc_col-lg-offset-2 vc_col-lg-8 vc_col-md-offset-2 vc_col-md-8 vc_col-sm-offset-2\"><div class=\"vc_column-inner\"><div class=\"wpb_wrapper\"><div id=\"ultimate-heading-744969f27bfb50d5b\" class=\"uvc-heading ult-adjust-bottom-margin ultimate-heading-744969f27bfb50d5b uvc-7192 accent-border-color\" data-hspacer=\"line_only\"  data-halign=\"center\" style=\"text-align:center\"><div class=\"uvc-main-heading ult-responsive\"  data-ultimate-target='.uvc-heading.ultimate-heading-744969f27bfb50d5b h2'  data-responsive-json-new='{\"font-size\":\"desktop:40px;\",\"line-height\":\"\"}' ><h2 style=\"font-weight:normal;color:#000000;margin-bottom:22px;\">Env\u00edanos tu Curriculum<\/h2><\/div><div class=\"uvc-heading-spacer line_only\" style=\"margin-bottom:22px;height:6px;\"><span class=\"uvc-headings-line\" style=\"border-style:solid;border-bottom-width:6px;border-color:;width:170px;\"><\/span><\/div><div class=\"uvc-sub-heading ult-responsive\"  data-ultimate-target='.uvc-heading.ultimate-heading-744969f27bfb50d5b .uvc-sub-heading '  data-responsive-json-new='{\"font-size\":\"desktop:30px;\",\"line-height\":\"\"}'  style=\"font-weight:normal;color:#a5a5a5;margin-bottom:22px;\">Necesitamos personal especializado en las siguientes funciones:<\/div><\/div><\/div><\/div><\/div><\/div><div class=\"vc_row wpb_row vc_row-fluid vc_custom_1635853437078\"><div class=\"wpb_column vc_column_container vc_col-sm-12 vc_col-lg-offset-2 vc_col-lg-8 vc_col-md-offset-2 vc_col-md-8 vc_col-sm-offset-2\"><div class=\"vc_column-inner\"><div class=\"wpb_wrapper\"><div class=\"vc_row wpb_row vc_inner vc_row-fluid\"><div class=\"wpb_column vc_column_container vc_col-sm-4\"><div class=\"vc_column-inner\"><div class=\"wpb_wrapper\"><div id=\"ultimate-heading-802969f27bfb51a08\" class=\"uvc-heading ult-adjust-bottom-margin ultimate-heading-802969f27bfb51a08 uvc-8277 accent-border-color\" data-hspacer=\"line_only\"  data-halign=\"center\" style=\"text-align:center\"><div class=\"uvc-main-heading ult-responsive\"  data-ultimate-target='.uvc-heading.ultimate-heading-802969f27bfb51a08 h2'  data-responsive-json-new='{\"font-size\":\"desktop:30px;\",\"line-height\":\"\"}' ><h2 style=\"font-weight:normal;color:#000000;margin-bottom:22px;\">Chapistas<\/h2><\/div><div class=\"uvc-heading-spacer line_only\" style=\"margin-bottom:22px;height:6px;\"><span class=\"uvc-headings-line\" style=\"border-style:solid;border-bottom-width:6px;border-color:;width:170px;\"><\/span><\/div><\/div><\/div><\/div><\/div><div class=\"wpb_column vc_column_container vc_col-sm-4\"><div class=\"vc_column-inner\"><div class=\"wpb_wrapper\"><div id=\"ultimate-heading-62969f27bfb51bd4\" class=\"uvc-heading ult-adjust-bottom-margin ultimate-heading-62969f27bfb51bd4 uvc-9669 accent-border-color\" data-hspacer=\"line_only\"  data-halign=\"center\" style=\"text-align:center\"><div class=\"uvc-main-heading ult-responsive\"  data-ultimate-target='.uvc-heading.ultimate-heading-62969f27bfb51bd4 h2'  data-responsive-json-new='{\"font-size\":\"desktop:30px;\",\"line-height\":\"\"}' ><h2 style=\"font-weight:normal;color:#000000;margin-bottom:22px;\">Pintores<\/h2><\/div><div class=\"uvc-heading-spacer line_only\" style=\"margin-bottom:22px;height:6px;\"><span class=\"uvc-headings-line\" style=\"border-style:solid;border-bottom-width:6px;border-color:;width:170px;\"><\/span><\/div><\/div><\/div><\/div><\/div><div class=\"wpb_column vc_column_container vc_col-sm-4\"><div class=\"vc_column-inner\"><div class=\"wpb_wrapper\"><div id=\"ultimate-heading-634469f27bfb51d59\" class=\"uvc-heading ult-adjust-bottom-margin ultimate-heading-634469f27bfb51d59 uvc-2302 accent-border-color\" data-hspacer=\"line_only\"  data-halign=\"center\" style=\"text-align:center\"><div class=\"uvc-main-heading ult-responsive\"  data-ultimate-target='.uvc-heading.ultimate-heading-634469f27bfb51d59 h2'  data-responsive-json-new='{\"font-size\":\"desktop:30px;\",\"line-height\":\"\"}' ><h2 style=\"font-weight:normal;color:#000000;margin-bottom:22px;\">Capataz<\/h2><\/div><div class=\"uvc-heading-spacer line_only\" style=\"margin-bottom:22px;height:6px;\"><span class=\"uvc-headings-line\" style=\"border-style:solid;border-bottom-width:6px;border-color:;width:170px;\"><\/span><\/div><div class=\"uvc-sub-heading ult-responsive\"  data-ultimate-target='.uvc-heading.ultimate-heading-634469f27bfb51d59 .uvc-sub-heading '  data-responsive-json-new='{\"font-size\":\"desktop:20px;\",\"line-height\":\"\"}'  style=\"font-weight:normal;color:#6b6b6b;margin-bottom:22px;\">Organizador de taller<\/div><\/div><\/div><\/div><\/div><\/div><\/div><\/div><\/div><\/div><div class=\"vc_row wpb_row vc_row-fluid dt-default\" style=\"margin-top: 0px;margin-bottom: 0px\"><div class=\"wpb_column vc_column_container vc_col-sm-12 vc_col-lg-offset-2 vc_col-lg-8 vc_col-md-offset-2 vc_col-md-8 vc_col-sm-offset-2\"><div class=\"vc_column-inner\"><div class=\"wpb_wrapper\">\n\t<div class=\"wpb_text_column wpb_content_element\" >\n\t\t<div class=\"wpb_wrapper\">\n\t\t\t\n<div class=\"wpcf7 no-js\" id=\"wpcf7-f37434-o1\" lang=\"es-ES\" dir=\"ltr\" data-wpcf7-id=\"37434\">\n<div class=\"screen-reader-response\"><p role=\"status\" aria-live=\"polite\" aria-atomic=\"true\"><\/p> <ul><\/ul><\/div>\n<form action=\"\/en\/wp-json\/wp\/v2\/pages\/37435#wpcf7-f37434-o1\" method=\"post\" class=\"wpcf7-form init\" aria-label=\"Formulario de contacto\" enctype=\"multipart\/form-data\" novalidate=\"novalidate\" data-status=\"init\" data-trp-original-action=\"\/en\/wp-json\/wp\/v2\/pages\/37435#wpcf7-f37434-o1\">\n<fieldset class=\"hidden-fields-container\"><input type=\"hidden\" name=\"_wpcf7\" value=\"37434\" \/><input type=\"hidden\" name=\"_wpcf7_version\" value=\"6.1.5\" \/><input type=\"hidden\" name=\"_wpcf7_locale\" value=\"es_ES\" \/><input type=\"hidden\" name=\"_wpcf7_unit_tag\" value=\"wpcf7-f37434-o1\" \/><input type=\"hidden\" name=\"_wpcf7_container_post\" value=\"0\" \/><input type=\"hidden\" name=\"_wpcf7_posted_data_hash\" value=\"\" \/><input type=\"hidden\" name=\"_wpcf7_recaptcha_response\" value=\"\" \/>\n<\/fieldset>\n<p><label> Su Nombre: (Obligatorio)<br \/>\n<span class=\"wpcf7-form-control-wrap\" data-name=\"your-name\"><input size=\"40\" maxlength=\"400\" class=\"wpcf7-form-control wpcf7-text wpcf7-validates-as-required\" aria-required=\"true\" aria-invalid=\"false\" value=\"\" type=\"text\" name=\"your-name\" \/><\/span> <\/label>\n<\/p>\n<p><label> Su Email: (Obligatorio)<br \/>\n<span class=\"wpcf7-form-control-wrap\" data-name=\"your-email\"><input size=\"40\" maxlength=\"400\" class=\"wpcf7-form-control wpcf7-email wpcf7-validates-as-required wpcf7-text wpcf7-validates-as-email\" aria-required=\"true\" aria-invalid=\"false\" value=\"\" type=\"email\" name=\"your-email\" \/><\/span> <\/label>\n<\/p>\n<p><label> Tu Tel\u00e9fono: (Obligatorio)<br \/>\n<span class=\"wpcf7-form-control-wrap\" data-name=\"your-tel\"><input size=\"40\" maxlength=\"400\" class=\"wpcf7-form-control wpcf7-tel wpcf7-validates-as-required wpcf7-text wpcf7-validates-as-tel\" aria-required=\"true\" aria-invalid=\"false\" value=\"\" type=\"tel\" name=\"your-tel\" \/><\/span> <\/label>\n<\/p>\n<p><label> Asunto:<br \/>\n<span class=\"wpcf7-form-control-wrap\" data-name=\"your-subject\"><input size=\"40\" maxlength=\"400\" class=\"wpcf7-form-control wpcf7-text\" aria-invalid=\"false\" value=\"\" type=\"text\" name=\"your-subject\" \/><\/span> <\/label>\n<\/p>\n<p><label> Carta de presentaci\u00f3n:<br \/>\n<span class=\"wpcf7-form-control-wrap\" data-name=\"your-message\"><textarea cols=\"40\" rows=\"10\" maxlength=\"2000\" class=\"wpcf7-form-control wpcf7-textarea\" aria-invalid=\"false\" name=\"your-message\"><\/textarea><\/span> <\/label>\n<\/p>\n<div class=\"vc_icon_element vc_icon_element-outer vc_custom_1606472523432 wpb_animate_when_almost_visible wpb_fadeInDown fadeInDown vc_icon_element-align-center wpb_start_animation animated\">\n\t<div class=\"vc_icon_element-inner vc_icon_element-color-custom vc_icon_element-size-xl vc_icon_element-style- vc_icon_element-background-color-grey\">\n\t\t<p><span class=\"vc_icon_element-icon fas fa-download\" style=\"color:#019945 !important\"><\/span>\n\t\t<\/p>\n\t<\/div>\n<\/div>\n<div class=\"file-cv\">\n\t<p><span class=\"wpcf7-form-control-wrap\" data-name=\"cv\"><input size=\"40\" class=\"wpcf7-form-control wpcf7-file file-upload-input\" id=\"upload\" accept=\".pdf,.doc,.docs\" aria-invalid=\"false\" type=\"file\" name=\"cv\" \/><\/span>\n\t<\/p>\n<\/div>\n<p><label class=\"ley-GDPR\"><span class=\"wpcf7-form-control-wrap\" data-name=\"acceptance-GDPR\"><span class=\"wpcf7-form-control wpcf7-acceptance\"><span class=\"wpcf7-list-item\"><input type=\"checkbox\" name=\"acceptance-GDPR\" value=\"1\" class=\"GDPR\" aria-invalid=\"false\" \/><\/span><\/span><\/span> Acepto que mis datos sean usados con los est\u00e1ndares de acuerdo con las pautas establecidas en nuestra pol\u00edtica de privacidad y de acuerdo con la ley GDPR.<\/label>\n<\/p>\n<p><input class=\"wpcf7-form-control wpcf7-submit has-spinner\" type=\"submit\" value=\"Send\" \/>\n<\/p><div class=\"wpcf7-response-output\" aria-hidden=\"true\"><\/div>\n<input type=\"hidden\" name=\"trp-form-language\" value=\"en\"\/><\/form>\n<\/div>\n\n\n\t\t<\/div>\n\t<\/div>\n<\/div><\/div><\/div><\/div><div class=\"vc_row wpb_row vc_row-fluid dt-default\" style=\"margin-top: 0px;margin-bottom: 0px\"><div class=\"wpb_column vc_column_container vc_col-sm-12\"><div class=\"vc_column-inner\"><div class=\"wpb_wrapper\"><\/div><\/div><\/div><\/div>\n<\/div>","protected":false},"excerpt":{"rendered":"<p>Env\u00edanos tu CurriculumNecesitamos personal especializado en las siguientes funciones:ChapistasPintoresCapatazOrganizador de taller Su Nombre: (Obligatorio) Su Email: (Obligatorio) Tu Tel\u00e9fono: (Obligatorio) Asunto: Carta de presentaci\u00f3n: Acepto que mis datos sean usados con los est\u00e1ndares de acuerdo con las pautas establecidas en nuestra pol\u00edtica de privacidad y de acuerdo con la ley GDPR.<\/p>","protected":false},"author":1,"featured_media":0,"parent":0,"menu_order":0,"comment_status":"closed","ping_status":"closed","template":"","meta":{"_acf_changed":false,"inline_featured_image":false,"_joinchat":[],"footnotes":""},"class_list":["post-37435","page","type-page","status-publish","hentry","description-off"],"acf":[],"_links":{"self":[{"href":"https:\/\/hermanossarmiento.com\/en\/wp-json\/wp\/v2\/pages\/37435","targetHints":{"allow":["GET"]}}],"collection":[{"href":"https:\/\/hermanossarmiento.com\/en\/wp-json\/wp\/v2\/pages"}],"about":[{"href":"https:\/\/hermanossarmiento.com\/en\/wp-json\/wp\/v2\/types\/page"}],"author":[{"embeddable":true,"href":"https:\/\/hermanossarmiento.com\/en\/wp-json\/wp\/v2\/users\/1"}],"replies":[{"embeddable":true,"href":"https:\/\/hermanossarmiento.com\/en\/wp-json\/wp\/v2\/comments?post=37435"}],"version-history":[{"count":0,"href":"https:\/\/hermanossarmiento.com\/en\/wp-json\/wp\/v2\/pages\/37435\/revisions"}],"wp:attachment":[{"href":"https:\/\/hermanossarmiento.com\/en\/wp-json\/wp\/v2\/media?parent=37435"}],"curies":[{"name":"wp","href":"https:\/\/api.w.org\/{rel}","templated":true}]}}